{"id":67,"date":"2020-06-08T19:31:47","date_gmt":"2020-06-08T19:31:47","guid":{"rendered":"https:\/\/ymcaboston.org\/\/?page_id=67"},"modified":"2026-02-24T00:40:58","modified_gmt":"2026-02-24T05:40:58","slug":"about-us","status":"publish","type":"page","link":"https:\/\/ymcaboston.org\/es\/about-us\/","title":{"rendered":"Sobre nosotros"},"content":{"rendered":"","protected":false},"excerpt":{"rendered":"","protected":false},"author":5,"featured_media":0,"parent":0,"menu_order":0,"comment_status":"closed","ping_status":"closed","template":"","meta":{"_acf_changed":false,"footnotes":""},"class_list":["post-67","page","type-page","status-publish","hentry"],"acf":{"content_builder":[{"acf_fc_layout":"full_width_content_over_image","background_image":"https:\/\/ymcaboston.org\/wp-content\/uploads\/2020\/06\/our-mission.jpg","mobile_background_image":"https:\/\/ymcaboston.org\/wp-content\/uploads\/2020\/06\/Mission.jpg","title":"NUESTRA MISI\u00d3N","content":"<p>La YMCA de Greater Boston se dedica a mejorar la salud de la mente, el cuerpo y el esp\u00edritu de las personas y las familias de nuestras comunidades. Brindamos bienvenida, pertenencia y oportunidades para todos.<\/p>","show_book_button":"No","book_button_title_override":"","call_to_action_or_learn_more":"Learn More","call_to_action_text":"","call_to_action_link":"","open_link_in_new_tab":"No","drop_down_content":"","new_content":"No"},{"acf_fc_layout":"full_width_content_over_image","background_image":"https:\/\/ymcaboston.org\/wp-content\/uploads\/2022\/05\/DEI-Hero.jpg","mobile_background_image":"https:\/\/ymcaboston.org\/wp-content\/uploads\/2022\/05\/DEI_Mobile-.jpg","title":"Nuestro compromiso con la diversidad, la equidad y la inclusi\u00f3n","content":"<p>Construiremos puentes a prop\u00f3sito entre diversos grupos de personas y exigiremos equidad para todos, a fin de crear una comunidad y una naci\u00f3n libres de racismo, injusticias y desigualdad. Crearemos programas, servicios y espacios donde todos sean vistos, escuchados y seguros.<\/p>","show_book_button":"No","book_button_title_override":"","call_to_action_or_learn_more":"Neither","call_to_action_text":"","call_to_action_link":"","open_link_in_new_tab":"No","drop_down_content":"","new_content":"No"},{"acf_fc_layout":"full_width_content_over_image","background_image":"https:\/\/ymcaboston.org\/wp-content\/uploads\/2025\/05\/ymca-facilities-hero.jpg","mobile_background_image":"https:\/\/ymcaboston.org\/wp-content\/uploads\/2025\/05\/ymca-facilities-mobile-banner.jpg","title":"Creating Palaces for the People","content":"<p>The YMCA of Greater Boston has launched a comprehensive facilities investment strategy aimed at strengthening our infrastructure, enhancing member experiences, and ensuring long-term sustainability.<\/p>","show_book_button":"No","book_button_title_override":"","call_to_action_or_learn_more":"Call to Action","call_to_action_text":"Learn More","call_to_action_link":"https:\/\/ymcaboston.org\/facility-investments\/","open_link_in_new_tab":"No","drop_down_content":"","new_content":"Yes"},{"acf_fc_layout":"full_width_content_over_image","background_image":"https:\/\/ymcaboston.org\/wp-content\/uploads\/2026\/02\/Community-Benefit-Hero-resize.jpg","mobile_background_image":"https:\/\/ymcaboston.org\/wp-content\/uploads\/2026\/02\/Community-Benefit-Mobile-resize.jpg","title":"BENEFICIO COMUNITARIO","content":"<p>Everyone belongs at the Y. As a result of the generous support of many, in 2024 the Y proudly delivered over $6 million in free or subsidized programs and services to thousands of children, individuals, and families across Greater Boston.<\/p>","show_book_button":"No","book_button_title_override":"","call_to_action_or_learn_more":"Neither","call_to_action_text":"Learn More","call_to_action_link":"https:\/\/ymcaboston.org\/facility-investments","open_link_in_new_tab":"No","drop_down_content":"","new_content":"No"},{"acf_fc_layout":"full_width_content_over_image","background_image":"https:\/\/ymcaboston.org\/wp-content\/uploads\/2020\/09\/Website-Hero-AR2019-scaled.jpg","mobile_background_image":"https:\/\/ymcaboston.org\/wp-content\/uploads\/2020\/09\/Website-Mobile-AR2019.jpg","title":"Somos la Y. T\u00fa eres el C\u00f3mo.","content":"<p><a class=\"text-uppercase btn btn-primary mr-2\" href=\"https:\/\/annual-report.ymcaboston.org\" target=\"_blank\" rel=\"noopener\">YMCA of Greater Boston 2024 Annual Report<\/a> <a class=\"text-uppercase btn btn-primary\" href=\"https:\/\/annual-report.ymcaboston.org\/donor-list-2024\/\" target=\"_blank\" rel=\"noopener\">2024 Donor List<\/a><\/p>\n<p class=\"p2\"><span class=\"s2\"><a class=\"text-uppercase btn btn-primary mr-2\" href=\"https:\/\/annual-report.ymcaboston.org\/2023-report\/\" target=\"_blank\" rel=\"noopener\">YMCA of Greater Boston 2023 Annual Report<\/a><\/span><span class=\"s3\"><a class=\"text-uppercase btn btn-primary\" href=\"https:\/\/annual-report.ymcaboston.org\/donor-list-2023\" target=\"_blank\" rel=\"noopener\"><span class=\"s4\">2023 Donor List<\/span><\/a> <\/span><\/p>","show_book_button":"No","book_button_title_override":"","call_to_action_or_learn_more":"Learn More","call_to_action_text":"","call_to_action_link":"","open_link_in_new_tab":"No","drop_down_content":"","new_content":"No"},{"acf_fc_layout":"full_width_content_over_image","background_image":"https:\/\/ymcaboston.org\/wp-content\/uploads\/2020\/06\/History-22.jpg","mobile_background_image":"https:\/\/ymcaboston.org\/wp-content\/uploads\/2020\/06\/History-mobile.jpg","title":"HISTORIA","content":"<p>Fundada en 1851 como la primera Y de Estados Unidos, la YMCA de Greater Boston fortalece la comunidad de Greater Boston a trav\u00e9s de un enfoque en el desarrollo de la juventud, la vida saludable y la responsabilidad social. Como una de las principales organizaciones sin fines de lucro de la comunidad, nos dedicamos a fomentar el potencial de cada ni\u00f1o y adolescente, mejorar la salud y el bienestar de nuestra comunidad y brindar oportunidades para retribuir y apoyar a nuestros vecinos.<\/p>","show_book_button":"No","book_button_title_override":"","call_to_action_or_learn_more":"Learn More","call_to_action_text":"Learn More","call_to_action_link":"https:\/\/ymcaboston.org\/about-us\/leadership\/","open_link_in_new_tab":"No","drop_down_content":"<p><a class=\"btn btn-blue text-white text-uppercase\" href=\"https:\/\/ymcaboston.org\/175years\">YMCA 175 Year Anniversary <i class=\"fa fa-arrow-right\" aria-hidden=\"true\"><\/i><\/a><br \/>\n&nbsp;<br \/>\nEach year the YMCA enables more than 150,000 youth, adults, and seniors to be healthy, confident, connected and secure.<\/p>\n<p>Today the YMCA of Greater Boston ranks as one of the largest urban Y\u2019s in the nation, staying true to its roots as a values-driven, volunteer-led, human service organization strengthening children, families and communities. The Y&#8217;s staff, volunteers, and constituents represent the broad spectrum of citizens, by any and all measures, who live in Greater Boston.<\/p>\n<p>The Y is the largest provider of after school programs and child care in the Commonwealth of Massachusetts, offers the state&#8217;s largest summer youth employment program, involves more than 10,000 children in summer camps, and leverages resources to provide over $10.3 million in critical services at no cost to low income participants.<\/p>\n<p>As financial, demographic and social forces\u00a0create a &#8220;New Boston&#8221;, the YMCA continues to provide centers of community life for children, families, and all others in the neighborhoods and towns of the region.<\/p>\n<p>In 1851 a group of evangelicals from several Boston churches, led by retired sea captain and lay preacher Thomas Valentine Sullivan, founded the first YMCA in the United States. Modeled on the original YMCA established in London in 1844 by George Williams, this new organization offered a safe gathering place, opportunities for socializing, bible-study classes and prayer meetings.<\/p>\n<p>Sullivan explained that the Y&#8217;s mission was to &#8220;meet the young stranger as he enters our city, take him by the hand, direct him to a boarding house where he may find a quiet home. . . and in every way throw around him good influences, so that he may feel that he is not a stranger.&#8221;<\/p>\n<p>Future evangelist Dwight L. Moody, who arrived in Boston in 1853 from his family&#8217;s farm in Northfield, Massachusetts, wrote home about the Y, a place where he could read &#8220;all the books I want free&#8221; and hear &#8220;smart men from Boston lecture.&#8221;<\/p>\n<p>The organization quickly outgrew its first home in fourth floor rooms at Washington and Summer streets in downtown Boston. In the Y&#8217;s new quarters at the corner of Tremont Street and Temple Place, it offered many services for its members:\u00a0library and reading room, gymnasium, classes and lectures, social gatherings, employment assistance, and a register of respectable boarding houses.<\/p>\n<p>Over the succeeding half-century the Boston YMCA evolved, serving Union Soldiers on the battlefields of the Civil War, supporting new waves of immigrants arriving to work in the factories of the industrial revolution, and establishing centers in several neighborhoods of the city.<\/p>\n<p>In the 1880&#8217;s the Y&#8217;s first physical education instructor, Robert J. Roberts, created the fitness movement in America through his new exercise program for &#8220;bodybuilding.&#8221; Classes utilized exercise drills, wooden dumbbells, &#8220;Indian Clubs,&#8221; and heavy medicine balls. Two lasting innovations of the new fitness movement were the invention of the game of basketball at the Y&#8217;s Springfield College in 1891 and volleyball at the Holyoke YMCA in 1895.<\/p>\n<p>In 1896 its popular self-improvement lectures were organized into the &#8220;Evening Institute for Young Men,&#8221; managed by Frank Palmer Speare. Demand was so high that in 1898 law classes were added, followed by polytechnic courses and business and engineering programs. In the next 20 years the Y incorporated these programs into its Northeastern College, soon changed to Northeastern University of the Boston YMCA. In 1929 the Y purchased the old Red Sox field on Huntington Avenue and broke ground for the first university in the country based on the work-study concept, becoming known simply as Northeastern University. Speare served as president of Northeastern until 1940. It was not until 1948 that the university and the YMCA became completely separate institutions.<\/p>\n<p>In 1899, the Y hosted its first summer camping season at Sandy Island Men&#8217;s Camp at Lake Winnipesaukee, New Hampshire. In subsequent years the Y purchased or leased property to provide additional camping programs that continue today:\u00a0 Camp Dorchester (1923) at Ponkapoag in the Canton&#8217;s Blue Hills; North Woods (1928) and Pleasant Valley (1968) also at Winnipesaukee; and Camp Wakanda on Styles Pond in Boxford.<\/p>\n<p>Throughout the decades of the 20th century, the YMCA of Greater Boston continued and strengthened its tradition of service. The new flagship centers on Huntington Avenue was completed in 1912, dedicated by U.S. President William Howard Taft with 5,000 people watching, including Boston Mayor John Fitzgerald. New neighborhood centers and mergers of independent YMCAs fueled continued growth, in\u00a0Hyde Park,\u00a0Dorchester,\u00a0West Roxbury,\u00a0Chinatown,\u00a0Roxbury,\u00a0Brighton,\u00a0Needham,\u00a0Waltham,\u00a0Woburn,\u00a0Reading,\u00a0and\u00a0East Boston.<\/p>\n<p>In 1975, the\u00a0Black Achievers YMCA\u00a0was launched to recognize African American professionals for their career accomplishments and to develop a mentoring program for teens. Focused on social responsibility and creating a \u201ccollege bound culture,\u201d the former Black Achievers Program changed its name to YMCA Achievers in 2010 to reach a wider, more diverse audience of teens and professionals nationwide.<\/p>\n<p>In 1984\u00a0YMCA Training, Inc.\u00a0program was created and later combined with the\u00a0International Learning Center\u00a0to provide workforce training, computer skills, and English as a second language.<\/p>\n<p>In 1995 the\u00a0Huntington Avenue YMCA\u00a0converted dorm-style rooms to create 88 affordable permanent and transitional housing units for formerly homeless single adults and families.<\/p>\n<p>In 2007 the formerly independent Boston Armed Services YMCA in Charlestown&#8217;s former Navy Yard, founded in 1917 became the Constitution Inn YMCA of the YMCA of Greater Boston. In 2011 the name was changed to the\u00a0Charlestown YMCA.<\/p>\n<p>With a focus on\u00a0youth development,\u00a0healthy living\u00a0and\u00a0social responsibility, the YMCA of Greater Boston continues to be the largest provider of social services in Massachusetts.<\/p>\n","new_content":"No"},{"acf_fc_layout":"full_width_content_over_image","background_image":"https:\/\/ymcaboston.org\/wp-content\/uploads\/2022\/11\/DS-with-Y-sign-.jpg","mobile_background_image":"https:\/\/ymcaboston.org\/wp-content\/uploads\/2022\/11\/DS-Silver-Y-sign-mobile.jpg","title":"LIDERAZGO","content":"<p>Obtenga m\u00e1s informaci\u00f3n sobre nuestro equipo de l\u00edderes dedicados que trabajan para hacer m\u00e1s por nuestras comunidades.<\/p>","show_book_button":"No","book_button_title_override":"","call_to_action_or_learn_more":"Call to Action","call_to_action_text":"Learn More","call_to_action_link":"https:\/\/ymcaboston.org\/about-us\/leadership\/","open_link_in_new_tab":"No","drop_down_content":"","new_content":"No"},{"acf_fc_layout":"full_width_content_over_image","background_image":"https:\/\/ymcaboston.org\/wp-content\/uploads\/2026\/02\/Additional-Resources-Hero-parent-child.jpg","mobile_background_image":"https:\/\/ymcaboston.org\/wp-content\/uploads\/2026\/02\/Additional-Resources-Mobile-parent-child.jpg","title":"RECURSOS ADICIONALES","content":"<div id=\"forms\">\n<a class=\"text-uppercase btn btn-primary mr-2\" href=\"https:\/\/ymcaboston.org\/wp-content\/uploads\/2024\/07\/Young-Mens-Christian-Association-of-Greater-Boston-Inc.-2023-Form-990-Open-to-Public-Inspection.pdf\" target=\"_blank\" rel=\"noopener\">YMCA of Greater Boston 2023 Form 990<\/a><br \/>\n&nbsp;<br \/>\n<a class=\"text-uppercase btn btn-primary mr-2\" href=\"https:\/\/ymcaboston.org\/wp-content\/uploads\/2025\/07\/YMCA-of-Greater-Boston-Inc.-2024-Form-990-Open-to-Public-Inspection.pdf\" target=\"_blank\" rel=\"noopener\">YMCA of Greater Boston 2024 Form 990<\/a><br \/>\n&nbsp;<br \/>\n<a class=\"text-uppercase btn btn-primary\" href=\"https:\/\/ymcaboston.org\/wp-content\/uploads\/2025\/05\/YMCA-GB-Audited-Financial-Statement-2024.pdf\" target=\"_blank\" rel=\"noopener\">YMCA of Greater Boston 2024 Audited Financial Statement<\/a><\/p>\n<p class=\"p4\"><span class=\"s1\"><b>ID# exento de impuestos:\u00a0<\/b><\/span><span class=\"s5\">04-2103551<\/span><\/p>\n<\/div>","show_book_button":"No","book_button_title_override":"","call_to_action_or_learn_more":"Learn More","call_to_action_text":"","call_to_action_link":"","open_link_in_new_tab":"No","drop_down_content":"","new_content":"No"}]},"yoast_head":"<!-- This site is optimized with the Yoast SEO plugin v26.8 - https:\/\/yoast.com\/product\/yoast-seo-wordpress\/ -->\n<title>About Us - YMCA of Greater Boston<\/title>\n<meta name=\"robots\" content=\"index, follow, max-snippet:-1, max-image-preview:large, max-video-preview:-1\" \/>\n<link rel=\"canonical\" href=\"https:\/\/ymcaboston.org\/es\/about-us\/\" \/>\n<meta property=\"og:locale\" content=\"es_ES\" \/>\n<meta property=\"og:type\" content=\"article\" \/>\n<meta property=\"og:title\" content=\"About Us - YMCA of Greater Boston\" \/>\n<meta property=\"og:url\" content=\"https:\/\/ymcaboston.org\/es\/about-us\/\" \/>\n<meta property=\"og:site_name\" content=\"YMCA of Greater Boston\" \/>\n<meta property=\"article:publisher\" content=\"https:\/\/www.facebook.com\/YMCABoston\/\" \/>\n<meta property=\"article:modified_time\" content=\"2026-02-24T05:40:58+00:00\" \/>\n<meta name=\"twitter:card\" content=\"summary_large_image\" \/>\n<meta name=\"twitter:site\" content=\"@YMCA_Boston\" \/>\n<script type=\"application\/ld+json\" class=\"yoast-schema-graph\">{\"@context\":\"https:\/\/schema.org\",\"@graph\":[{\"@type\":\"WebPage\",\"@id\":\"https:\/\/ymcaboston.org\/about-us\/\",\"url\":\"https:\/\/ymcaboston.org\/about-us\/\",\"name\":\"About Us - YMCA of Greater Boston\",\"isPartOf\":{\"@id\":\"https:\/\/ymcaboston.org\/#website\"},\"datePublished\":\"2020-06-08T19:31:47+00:00\",\"dateModified\":\"2026-02-24T05:40:58+00:00\",\"breadcrumb\":{\"@id\":\"https:\/\/ymcaboston.org\/about-us\/#breadcrumb\"},\"inLanguage\":\"es\",\"potentialAction\":[{\"@type\":\"ReadAction\",\"target\":[\"https:\/\/ymcaboston.org\/about-us\/\"]}]},{\"@type\":\"BreadcrumbList\",\"@id\":\"https:\/\/ymcaboston.org\/about-us\/#breadcrumb\",\"itemListElement\":[{\"@type\":\"ListItem\",\"position\":1,\"name\":\"Home\",\"item\":\"https:\/\/ymcaboston.org\/\"},{\"@type\":\"ListItem\",\"position\":2,\"name\":\"About Us\"}]},{\"@type\":\"WebSite\",\"@id\":\"https:\/\/ymcaboston.org\/#website\",\"url\":\"https:\/\/ymcaboston.org\/\",\"name\":\"YMCA of Greater Boston\",\"description\":\"\",\"publisher\":{\"@id\":\"https:\/\/ymcaboston.org\/#organization\"},\"potentialAction\":[{\"@type\":\"SearchAction\",\"target\":{\"@type\":\"EntryPoint\",\"urlTemplate\":\"https:\/\/ymcaboston.org\/?s={search_term_string}\"},\"query-input\":{\"@type\":\"PropertyValueSpecification\",\"valueRequired\":true,\"valueName\":\"search_term_string\"}}],\"inLanguage\":\"es\"},{\"@type\":\"Organization\",\"@id\":\"https:\/\/ymcaboston.org\/#organization\",\"name\":\"YMCA of Greater Boston\",\"url\":\"https:\/\/ymcaboston.org\/\",\"logo\":{\"@type\":\"ImageObject\",\"inLanguage\":\"es\",\"@id\":\"https:\/\/ymcaboston.org\/#\/schema\/logo\/image\/\",\"url\":\"https:\/\/ymcaboston.org\/wp-content\/uploads\/2021\/05\/Y-logo-blue-green.jpg\",\"contentUrl\":\"https:\/\/ymcaboston.org\/wp-content\/uploads\/2021\/05\/Y-logo-blue-green.jpg\",\"width\":179,\"height\":137,\"caption\":\"YMCA of Greater Boston\"},\"image\":{\"@id\":\"https:\/\/ymcaboston.org\/#\/schema\/logo\/image\/\"},\"sameAs\":[\"https:\/\/www.facebook.com\/YMCABoston\/\",\"https:\/\/x.com\/YMCA_Boston\",\"https:\/\/www.instagram.com\/ymca_boston\"]}]}<\/script>\n<!-- \/ Yoast SEO plugin. -->","yoast_head_json":{"title":"About Us - YMCA of Greater Boston","robots":{"index":"index","follow":"follow","max-snippet":"max-snippet:-1","max-image-preview":"max-image-preview:large","max-video-preview":"max-video-preview:-1"},"canonical":"https:\/\/ymcaboston.org\/es\/about-us\/","og_locale":"es_ES","og_type":"article","og_title":"About Us - YMCA of Greater Boston","og_url":"https:\/\/ymcaboston.org\/es\/about-us\/","og_site_name":"YMCA of Greater Boston","article_publisher":"https:\/\/www.facebook.com\/YMCABoston\/","article_modified_time":"2026-02-24T05:40:58+00:00","twitter_card":"summary_large_image","twitter_site":"@YMCA_Boston","schema":{"@context":"https:\/\/schema.org","@graph":[{"@type":"WebPage","@id":"https:\/\/ymcaboston.org\/about-us\/","url":"https:\/\/ymcaboston.org\/about-us\/","name":"About Us - YMCA of Greater Boston","isPartOf":{"@id":"https:\/\/ymcaboston.org\/#website"},"datePublished":"2020-06-08T19:31:47+00:00","dateModified":"2026-02-24T05:40:58+00:00","breadcrumb":{"@id":"https:\/\/ymcaboston.org\/about-us\/#breadcrumb"},"inLanguage":"es","potentialAction":[{"@type":"ReadAction","target":["https:\/\/ymcaboston.org\/about-us\/"]}]},{"@type":"BreadcrumbList","@id":"https:\/\/ymcaboston.org\/about-us\/#breadcrumb","itemListElement":[{"@type":"ListItem","position":1,"name":"Home","item":"https:\/\/ymcaboston.org\/"},{"@type":"ListItem","position":2,"name":"About Us"}]},{"@type":"WebSite","@id":"https:\/\/ymcaboston.org\/#website","url":"https:\/\/ymcaboston.org\/","name":"YMCA del Gran Boston","description":"","publisher":{"@id":"https:\/\/ymcaboston.org\/#organization"},"potentialAction":[{"@type":"SearchAction","target":{"@type":"EntryPoint","urlTemplate":"https:\/\/ymcaboston.org\/?s={search_term_string}"},"query-input":{"@type":"PropertyValueSpecification","valueRequired":true,"valueName":"search_term_string"}}],"inLanguage":"es"},{"@type":"Organization","@id":"https:\/\/ymcaboston.org\/#organization","name":"YMCA del Gran Boston","url":"https:\/\/ymcaboston.org\/","logo":{"@type":"ImageObject","inLanguage":"es","@id":"https:\/\/ymcaboston.org\/#\/schema\/logo\/image\/","url":"https:\/\/ymcaboston.org\/wp-content\/uploads\/2021\/05\/Y-logo-blue-green.jpg","contentUrl":"https:\/\/ymcaboston.org\/wp-content\/uploads\/2021\/05\/Y-logo-blue-green.jpg","width":179,"height":137,"caption":"YMCA of Greater Boston"},"image":{"@id":"https:\/\/ymcaboston.org\/#\/schema\/logo\/image\/"},"sameAs":["https:\/\/www.facebook.com\/YMCABoston\/","https:\/\/x.com\/YMCA_Boston","https:\/\/www.instagram.com\/ymca_boston"]}]}},"_links":{"self":[{"href":"https:\/\/ymcaboston.org\/es\/wp-json\/wp\/v2\/pages\/67","targetHints":{"allow":["GET"]}}],"collection":[{"href":"https:\/\/ymcaboston.org\/es\/wp-json\/wp\/v2\/pages"}],"about":[{"href":"https:\/\/ymcaboston.org\/es\/wp-json\/wp\/v2\/types\/page"}],"author":[{"embeddable":true,"href":"https:\/\/ymcaboston.org\/es\/wp-json\/wp\/v2\/users\/5"}],"replies":[{"embeddable":true,"href":"https:\/\/ymcaboston.org\/es\/wp-json\/wp\/v2\/comments?post=67"}],"version-history":[{"count":4,"href":"https:\/\/ymcaboston.org\/es\/wp-json\/wp\/v2\/pages\/67\/revisions"}],"predecessor-version":[{"id":25298,"href":"https:\/\/ymcaboston.org\/es\/wp-json\/wp\/v2\/pages\/67\/revisions\/25298"}],"wp:attachment":[{"href":"https:\/\/ymcaboston.org\/es\/wp-json\/wp\/v2\/media?parent=67"}],"curies":[{"name":"wp","href":"https:\/\/api.w.org\/{rel}","templated":true}]}}