{"id":5634,"date":"2021-10-01T19:06:56","date_gmt":"2021-10-01T19:06:56","guid":{"rendered":"https:\/\/ymcaboston.org\/?page_id=5634"},"modified":"2025-03-18T18:42:14","modified_gmt":"2025-03-18T22:42:14","slug":"livestrong-at-the-ymca","status":"publish","type":"page","link":"https:\/\/ymcaboston.org\/es\/livestrong-at-the-ymca\/","title":{"rendered":"Vivir<strong>fuerte<\/strong> en el YMCA"},"content":{"rendered":"","protected":false},"excerpt":{"rendered":"","protected":false},"author":5,"featured_media":0,"parent":0,"menu_order":0,"comment_status":"closed","ping_status":"closed","template":"","meta":{"_acf_changed":false,"footnotes":""},"class_list":["post-5634","page","type-page","status-publish","hentry"],"acf":{"content_builder":[{"acf_fc_layout":"full_width_content_over_image","background_image":"https:\/\/ymcaboston.org\/wp-content\/uploads\/2021\/10\/Livestrong-Interior-Page.jpg","mobile_background_image":"https:\/\/ymcaboston.org\/wp-content\/uploads\/2021\/10\/livestrong-new.jpg","title":"EN VIVO<span style=\"font-weight:bold;\">FUERTE<\/span> EN LA YMCA","content":"<p><strong class=\"text-orange\">Sessions start every March and September<\/strong><br \/>\nDesarrollado en asociaci\u00f3n con la Fundaci\u00f3n LIVESTRONG, LIVESTRONG es un programa de ejercicio y apoyo de pares para grupos peque\u00f1os dise\u00f1ado para ayudarlo si tiene c\u00e1ncer o ha experimentado c\u00e1ncer fortaleciendo su cuerpo, mente y esp\u00edritu. Se ha demostrado que la participaci\u00f3n en nuestro programa mejora el estado f\u00edsico y la calidad de vida, adem\u00e1s de disminuir la fatiga relacionada con el c\u00e1ncer.<\/p>\n<p><a class=\"btn btn-primary rounded text-white text-uppercase\" href=\"https:\/\/forms.office.com\/pages\/responsepage.aspx?id=2aqQzYyysUKRF5TjLuyxkHftRdupZtNKiebfyVX6xClUNVJCOVFTVUFVWkpQUUxJUlBMNVEyTFA3RC4u\" target=\"_blank\" rel=\"noopener\">Formulario de inter\u00e9s<\/a><\/p>","show_book_button":"No","book_button_title_override":"","call_to_action_or_learn_more":"Neither","call_to_action_text":"","call_to_action_link":"","open_link_in_new_tab":"No","drop_down_content":"","new_content":"No"},{"acf_fc_layout":"content","content":"<div class=\"row\">\n<div class=\"col-12\">\n<h3 class=\"text-primary text-uppercase\">DETALLES DEL PROGRAMA<\/h3>\n<p>Las clases son impartidas por instructores capacitados y certificados a nivel nacional. LiveSTRONG se ofrece sin costo alguno para la comunidad gracias a nuestros generosos donantes.<\/p>\n<\/div>\n<\/div>\n<p>&nbsp;<br \/>\nClasses meet twice per week for 12 weeks. New class sessions start every <strong>March and September<\/strong>. Our LiveStrong program is offered at 9 of our locations, fill out our interest form to find the location closest to you!<br \/>\n<!--\n\n<div class=\"row mt-4\">\n\n\n<div class=\"col-12\">\n\n\n<h3 class=\"text-primary text-uppercase\">DAYS AND TIMES<\/h3>\n\n\nClasses meet twice per week for 12 weeks. New classes will start this <strong>September 11, 2023<\/strong> at the centers below.\n\n\n<ul>\n \t\n\n<li>Waltham YMCA\n\n\n<ul>\n \t\n\n<li>Mon\/Wed 1:30-3pm<\/li>\n\n\n<\/ul>\n\n\n<\/li>\n\n\n \t\n\n<li>Burbank YMCA\n\n\n<ul>\n \t\n\n<li>Mon\/Wed 11:45-1:15pm<\/li>\n\n\n<\/ul>\n\n\n<\/li>\n\n\n \t\n\n<li>Charles River YMCA\n\n\n<ul>\n \t\n\n<li>Tue\/Thu 10:00-11:30am<\/li>\n\n\n<\/ul>\n\n\n<\/li>\n\n\n \t\n\n<li>Oak Square YMCA\n\n\n<ul>\n \t\n\n<li>Tue\/Thu 1-2:30pm<\/li>\n\n\n<\/ul>\n\n\n<\/li>\n\n\n \t\n\n<li>Huntington YMCA\n\n\n<ul>\n \t\n\n<li>Mon\/Wed 10:30am-12:00pm<\/li>\n\n\n<\/ul>\n\n\n<\/li>\n\n\n \t\n\n<li>Wang YMCA\n\n\n<ul>\n \t\n\n<li>Tues\/Thurs 11:00am-12:30pm<\/li>\n\n\n<\/ul>\n\n\n<\/li>\n\n\n \t\n\n<li>North Suburban YMCA\n\n\n<ul>\n \t\n\n<li>Tues\/Thurs 11:30am-1:00pm<\/li>\n\n\n<\/ul>\n\n\n<\/li>\n\n\n \t\n\n<li>Parkway YMCA\n\n\n<ul>\n \t\n\n<li>Tues\/Thurs 1:00pm-2:30pm<\/li>\n\n\n<\/ul>\n\n\n<\/li>\n\n\n<\/ul>\n\n--><br \/>\n&nbsp;<\/p>\n<p>\u00bfTiene preguntas o se pregunta si este programa es adecuado para usted?<\/p>\n<ul>\n<li style=\"list-style-type: none;\">\n<ul>\n<li style=\"list-style-type: none;\">\n<ul>\n<li>P\u00f3ngase en contacto con Murphy Coville: <a href=\"mailto:mcoville@ymcaboston.org\" target=\"_blank\" rel=\"noreferrer noopener\">mcoville@ymcaboston.org<\/a><\/li>\n<\/ul>\n<\/li>\n<\/ul>\n<\/li>\n<\/ul>\n<p><span style=\"color: #f47920;\"><strong>\u00bfInteresado en unirse a nuestra pr\u00f3xima sesi\u00f3n?<\/strong><\/span><\/p>\n<ul>\n<li style=\"list-style-type: none;\">\n<ul>\n<li>Complete nuestro formulario de inter\u00e9s a continuaci\u00f3n y nos comunicaremos con usted para completar el registro para la clase.<\/li>\n<\/ul>\n<\/li>\n<\/ul>\n<\/div>\n<\/div>\n<p><a class=\"btn btn-outline-primary rounded text-uppercase px-4\" href=\"https:\/\/forms.office.com\/pages\/responsepage.aspx?id=2aqQzYyysUKRF5TjLuyxkHftRdupZtNKiebfyVX6xClUNVJCOVFTVUFVWkpQUUxJUlBMNVEyTFA3RC4u\" target=\"_blank\" rel=\"noopener\">Formulario de inter\u00e9s<\/a><\/p>\n<p><img decoding=\"async\" class=\"alignnone wp-image-5642\" src=\"https:\/\/ymcaboston.org\/wp-content\/uploads\/2021\/10\/livestrong-logo.png\" alt=\"\" width=\"300\" \/><\/p>","background_color":"","text_color":""}]},"yoast_head":"<!-- This site is optimized with the Yoast SEO plugin v27.4 - https:\/\/yoast.com\/product\/yoast-seo-wordpress\/ -->\n<title>Livestrong at the YMCA - YMCA of Greater Boston<\/title>\n<meta name=\"robots\" content=\"index, follow, max-snippet:-1, max-image-preview:large, max-video-preview:-1\" \/>\n<link rel=\"canonical\" href=\"https:\/\/ymcaboston.org\/es\/livestrong-at-the-ymca\/\" \/>\n<meta property=\"og:locale\" content=\"es_ES\" \/>\n<meta property=\"og:type\" content=\"article\" \/>\n<meta property=\"og:title\" content=\"Livestrong at the YMCA - YMCA of Greater Boston\" \/>\n<meta property=\"og:url\" content=\"https:\/\/ymcaboston.org\/es\/livestrong-at-the-ymca\/\" \/>\n<meta property=\"og:site_name\" content=\"YMCA of Greater Boston\" \/>\n<meta property=\"article:publisher\" content=\"https:\/\/www.facebook.com\/YMCABoston\/\" \/>\n<meta property=\"article:modified_time\" content=\"2025-03-18T22:42:14+00:00\" \/>\n<meta name=\"twitter:card\" content=\"summary_large_image\" \/>\n<meta name=\"twitter:site\" content=\"@YMCA_Boston\" \/>\n<script type=\"application\/ld+json\" class=\"yoast-schema-graph\">{\"@context\":\"https:\\\/\\\/schema.org\",\"@graph\":[{\"@type\":\"WebPage\",\"@id\":\"https:\\\/\\\/ymcaboston.org\\\/livestrong-at-the-ymca\\\/\",\"url\":\"https:\\\/\\\/ymcaboston.org\\\/livestrong-at-the-ymca\\\/\",\"name\":\"Livestrong at the YMCA - YMCA of Greater Boston\",\"isPartOf\":{\"@id\":\"https:\\\/\\\/ymcaboston.org\\\/#website\"},\"datePublished\":\"2021-10-01T19:06:56+00:00\",\"dateModified\":\"2025-03-18T22:42:14+00:00\",\"breadcrumb\":{\"@id\":\"https:\\\/\\\/ymcaboston.org\\\/livestrong-at-the-ymca\\\/#breadcrumb\"},\"inLanguage\":\"es\",\"potentialAction\":[{\"@type\":\"ReadAction\",\"target\":[\"https:\\\/\\\/ymcaboston.org\\\/livestrong-at-the-ymca\\\/\"]}]},{\"@type\":\"BreadcrumbList\",\"@id\":\"https:\\\/\\\/ymcaboston.org\\\/livestrong-at-the-ymca\\\/#breadcrumb\",\"itemListElement\":[{\"@type\":\"ListItem\",\"position\":1,\"name\":\"Home\",\"item\":\"https:\\\/\\\/ymcaboston.org\\\/\"},{\"@type\":\"ListItem\",\"position\":2,\"name\":\"Livestrong at the YMCA\"}]},{\"@type\":\"WebSite\",\"@id\":\"https:\\\/\\\/ymcaboston.org\\\/#website\",\"url\":\"https:\\\/\\\/ymcaboston.org\\\/\",\"name\":\"YMCA of Greater Boston\",\"description\":\"\",\"publisher\":{\"@id\":\"https:\\\/\\\/ymcaboston.org\\\/#organization\"},\"potentialAction\":[{\"@type\":\"SearchAction\",\"target\":{\"@type\":\"EntryPoint\",\"urlTemplate\":\"https:\\\/\\\/ymcaboston.org\\\/?s={search_term_string}\"},\"query-input\":{\"@type\":\"PropertyValueSpecification\",\"valueRequired\":true,\"valueName\":\"search_term_string\"}}],\"inLanguage\":\"es\"},{\"@type\":\"Organization\",\"@id\":\"https:\\\/\\\/ymcaboston.org\\\/#organization\",\"name\":\"YMCA of Greater Boston\",\"url\":\"https:\\\/\\\/ymcaboston.org\\\/\",\"logo\":{\"@type\":\"ImageObject\",\"inLanguage\":\"es\",\"@id\":\"https:\\\/\\\/ymcaboston.org\\\/#\\\/schema\\\/logo\\\/image\\\/\",\"url\":\"https:\\\/\\\/ymcaboston.org\\\/wp-content\\\/uploads\\\/2021\\\/05\\\/Y-logo-blue-green.jpg\",\"contentUrl\":\"https:\\\/\\\/ymcaboston.org\\\/wp-content\\\/uploads\\\/2021\\\/05\\\/Y-logo-blue-green.jpg\",\"width\":179,\"height\":137,\"caption\":\"YMCA of Greater Boston\"},\"image\":{\"@id\":\"https:\\\/\\\/ymcaboston.org\\\/#\\\/schema\\\/logo\\\/image\\\/\"},\"sameAs\":[\"https:\\\/\\\/www.facebook.com\\\/YMCABoston\\\/\",\"https:\\\/\\\/x.com\\\/YMCA_Boston\",\"https:\\\/\\\/www.instagram.com\\\/ymca_boston\"]}]}<\/script>\n<!-- \/ Yoast SEO plugin. -->","yoast_head_json":{"title":"Livestrong at the YMCA - YMCA of Greater Boston","robots":{"index":"index","follow":"follow","max-snippet":"max-snippet:-1","max-image-preview":"max-image-preview:large","max-video-preview":"max-video-preview:-1"},"canonical":"https:\/\/ymcaboston.org\/es\/livestrong-at-the-ymca\/","og_locale":"es_ES","og_type":"article","og_title":"Livestrong at the YMCA - YMCA of Greater Boston","og_url":"https:\/\/ymcaboston.org\/es\/livestrong-at-the-ymca\/","og_site_name":"YMCA of Greater Boston","article_publisher":"https:\/\/www.facebook.com\/YMCABoston\/","article_modified_time":"2025-03-18T22:42:14+00:00","twitter_card":"summary_large_image","twitter_site":"@YMCA_Boston","schema":{"@context":"https:\/\/schema.org","@graph":[{"@type":"WebPage","@id":"https:\/\/ymcaboston.org\/livestrong-at-the-ymca\/","url":"https:\/\/ymcaboston.org\/livestrong-at-the-ymca\/","name":"Livestrong at the YMCA - YMCA of Greater Boston","isPartOf":{"@id":"https:\/\/ymcaboston.org\/#website"},"datePublished":"2021-10-01T19:06:56+00:00","dateModified":"2025-03-18T22:42:14+00:00","breadcrumb":{"@id":"https:\/\/ymcaboston.org\/livestrong-at-the-ymca\/#breadcrumb"},"inLanguage":"es","potentialAction":[{"@type":"ReadAction","target":["https:\/\/ymcaboston.org\/livestrong-at-the-ymca\/"]}]},{"@type":"BreadcrumbList","@id":"https:\/\/ymcaboston.org\/livestrong-at-the-ymca\/#breadcrumb","itemListElement":[{"@type":"ListItem","position":1,"name":"Home","item":"https:\/\/ymcaboston.org\/"},{"@type":"ListItem","position":2,"name":"Livestrong at the YMCA"}]},{"@type":"WebSite","@id":"https:\/\/ymcaboston.org\/#website","url":"https:\/\/ymcaboston.org\/","name":"YMCA del Gran Boston","description":"","publisher":{"@id":"https:\/\/ymcaboston.org\/#organization"},"potentialAction":[{"@type":"SearchAction","target":{"@type":"EntryPoint","urlTemplate":"https:\/\/ymcaboston.org\/?s={search_term_string}"},"query-input":{"@type":"PropertyValueSpecification","valueRequired":true,"valueName":"search_term_string"}}],"inLanguage":"es"},{"@type":"Organization","@id":"https:\/\/ymcaboston.org\/#organization","name":"YMCA del Gran Boston","url":"https:\/\/ymcaboston.org\/","logo":{"@type":"ImageObject","inLanguage":"es","@id":"https:\/\/ymcaboston.org\/#\/schema\/logo\/image\/","url":"https:\/\/ymcaboston.org\/wp-content\/uploads\/2021\/05\/Y-logo-blue-green.jpg","contentUrl":"https:\/\/ymcaboston.org\/wp-content\/uploads\/2021\/05\/Y-logo-blue-green.jpg","width":179,"height":137,"caption":"YMCA of Greater Boston"},"image":{"@id":"https:\/\/ymcaboston.org\/#\/schema\/logo\/image\/"},"sameAs":["https:\/\/www.facebook.com\/YMCABoston\/","https:\/\/x.com\/YMCA_Boston","https:\/\/www.instagram.com\/ymca_boston"]}]}},"_links":{"self":[{"href":"https:\/\/ymcaboston.org\/es\/wp-json\/wp\/v2\/pages\/5634","targetHints":{"allow":["GET"]}}],"collection":[{"href":"https:\/\/ymcaboston.org\/es\/wp-json\/wp\/v2\/pages"}],"about":[{"href":"https:\/\/ymcaboston.org\/es\/wp-json\/wp\/v2\/types\/page"}],"author":[{"embeddable":true,"href":"https:\/\/ymcaboston.org\/es\/wp-json\/wp\/v2\/users\/5"}],"replies":[{"embeddable":true,"href":"https:\/\/ymcaboston.org\/es\/wp-json\/wp\/v2\/comments?post=5634"}],"version-history":[{"count":0,"href":"https:\/\/ymcaboston.org\/es\/wp-json\/wp\/v2\/pages\/5634\/revisions"}],"wp:attachment":[{"href":"https:\/\/ymcaboston.org\/es\/wp-json\/wp\/v2\/media?parent=5634"}],"curies":[{"name":"wp","href":"https:\/\/api.w.org\/{rel}","templated":true}]}}