{"id":2842,"date":"2021-05-19T15:55:43","date_gmt":"2021-05-19T15:55:43","guid":{"rendered":"https:\/\/ymcaboston.org\/\/?page_id=2842"},"modified":"2026-03-31T18:40:22","modified_gmt":"2026-03-31T22:40:22","slug":"partnerships","status":"publish","type":"page","link":"https:\/\/ymcaboston.org\/es\/community-and-food-access\/partnerships\/","title":{"rendered":"Asociaciones"},"content":{"rendered":"","protected":false},"excerpt":{"rendered":"","protected":false},"author":5,"featured_media":0,"parent":2328,"menu_order":0,"comment_status":"closed","ping_status":"closed","template":"","meta":{"_acf_changed":false,"footnotes":""},"class_list":["post-2842","page","type-page","status-publish","hentry"],"acf":{"content_builder":[{"acf_fc_layout":"full_width_content_over_image","background_image":"https:\/\/ymcaboston.org\/wp-content\/uploads\/2024\/07\/home-court-kids-celebration-web-.jpg","mobile_background_image":"https:\/\/ymcaboston.org\/wp-content\/uploads\/2024\/07\/home-court-kids-celebration-web-mobile.jpg","title":"Asociaciones","content":"","show_book_button":"No","book_button_title_override":"","call_to_action_or_learn_more":"Neither","call_to_action_text":"","call_to_action_link":"","open_link_in_new_tab":"No","drop_down_content":"","new_content":"No"},{"acf_fc_layout":"content","content":"<p>La YMCA de Greater Boston se enorgullece de asociarse con organizaciones que se alinean estrechamente con nuestra misi\u00f3n de crear una comunidad de personas comprensivas que mejore la salud, eduque, eleve y empodere a los j\u00f3venes y las familias. Agradecemos a cada una de las organizaciones a continuaci\u00f3n por su valiosa asociaci\u00f3n.<\/p>\n<p>Agradecemos a cada una de las organizaciones a continuaci\u00f3n por su valiosa asociaci\u00f3n.<\/p>\n<div class=\"row py-3\">\n<div class=\"col-12 col-md-4\"><strong>Socios clave<\/strong><br \/>\nBeth Israel Lahey Salud<br \/>\nCeltas de Boston<br \/>\nBoston Medical Center<br \/>\nEscuelas P\u00fablicas de Boston<br \/>\nBoston Police Department<br \/>\nBlue Cross Blue Shield<br \/>\nCiudad de boston<br \/>\nMetco<br \/>\nFundaci\u00f3n Red Sox<br \/>\nLa v\u00eda unida<br \/>\nWBZ-TV\/WSBK-TV\/CBS News Boston\n<\/div>\n<div class=\"col-12 col-md-4\"><strong>Socios sin fines de lucro<\/strong><br \/>\nAnimal Rescue League of Boston<br \/>\nBoston despu\u00e9s de la escuela y m\u00e1s all\u00e1<br \/>\nHospital de Ni\u00f1os de Boston<br \/>\nMuseo de los ni\u00f1os de Boston<br \/>\nBanco de Alimentos del Gran Boston<br \/>\nClubes de ni\u00f1os y ni\u00f1as<br \/>\nBuilding Togetherness<br \/>\nDe cunas a crayones<br \/>\nDedham Public Schools<br \/>\nInquilinos Boricuas en Acci\u00f3n (IBA)<br \/>\nLasell University<br \/>\nMass General Faulkner\n<\/div>\n<div class=\"col-12 col-md-4\">\nMass General Hospital<br \/>\nMerrimack College<br \/>\nNortheastern University \u2013 City &#038; Community Engagement<br \/>\nPlayworks<br \/>\nCruz Roja<br \/>\nSalvar el puerto Salvar la bah\u00eda<br \/>\nTown of Reading<br \/>\nWaltham Public Schools<br \/>\nWentworth Institute of Technology<br \/>\nWoburn Public Schools\n<\/div>\n<\/div>\n<p>&nbsp;<br \/>\nPara obtener m\u00e1s informaci\u00f3n sobre asociaciones, comun\u00edquese con <a href=\"mailto:ksaunders@ymcaboston.org\">Kathryn Saunders<\/a>, Senior Director of Partnerships &#038; Community Relations.<br \/>\n<i>Updated 3.2026<\/i><\/p>","background_color":"","text_color":""}]},"yoast_head":"<!-- This site is optimized with the Yoast SEO plugin v27.5 - https:\/\/yoast.com\/product\/yoast-seo-wordpress\/ -->\n<title>Partnerships - YMCA of Greater Boston<\/title>\n<meta name=\"robots\" content=\"index, follow, max-snippet:-1, max-image-preview:large, max-video-preview:-1\" \/>\n<link rel=\"canonical\" href=\"https:\/\/ymcaboston.org\/es\/community-and-food-access\/partnerships\/\" \/>\n<meta property=\"og:locale\" content=\"es_ES\" \/>\n<meta property=\"og:type\" content=\"article\" \/>\n<meta property=\"og:title\" content=\"Partnerships - YMCA of Greater Boston\" \/>\n<meta property=\"og:url\" content=\"https:\/\/ymcaboston.org\/es\/community-and-food-access\/partnerships\/\" \/>\n<meta property=\"og:site_name\" content=\"YMCA of Greater Boston\" \/>\n<meta property=\"article:publisher\" content=\"https:\/\/www.facebook.com\/YMCABoston\/\" \/>\n<meta property=\"article:modified_time\" content=\"2026-03-31T22:40:22+00:00\" \/>\n<meta name=\"twitter:card\" content=\"summary_large_image\" \/>\n<meta name=\"twitter:site\" content=\"@YMCA_Boston\" \/>\n<script type=\"application\/ld+json\" class=\"yoast-schema-graph\">{\"@context\":\"https:\\\/\\\/schema.org\",\"@graph\":[{\"@type\":\"WebPage\",\"@id\":\"https:\\\/\\\/ymcaboston.org\\\/community-and-food-access\\\/partnerships\\\/\",\"url\":\"https:\\\/\\\/ymcaboston.org\\\/community-and-food-access\\\/partnerships\\\/\",\"name\":\"Partnerships - YMCA of Greater Boston\",\"isPartOf\":{\"@id\":\"https:\\\/\\\/ymcaboston.org\\\/#website\"},\"datePublished\":\"2021-05-19T15:55:43+00:00\",\"dateModified\":\"2026-03-31T22:40:22+00:00\",\"breadcrumb\":{\"@id\":\"https:\\\/\\\/ymcaboston.org\\\/community-and-food-access\\\/partnerships\\\/#breadcrumb\"},\"inLanguage\":\"es\",\"potentialAction\":[{\"@type\":\"ReadAction\",\"target\":[\"https:\\\/\\\/ymcaboston.org\\\/community-and-food-access\\\/partnerships\\\/\"]}]},{\"@type\":\"BreadcrumbList\",\"@id\":\"https:\\\/\\\/ymcaboston.org\\\/community-and-food-access\\\/partnerships\\\/#breadcrumb\",\"itemListElement\":[{\"@type\":\"ListItem\",\"position\":1,\"name\":\"Home\",\"item\":\"https:\\\/\\\/ymcaboston.org\\\/\"},{\"@type\":\"ListItem\",\"position\":2,\"name\":\"Community and Food Access\",\"item\":\"https:\\\/\\\/ymcaboston.org\\\/community-and-food-access\\\/\"},{\"@type\":\"ListItem\",\"position\":3,\"name\":\"Partnerships\"}]},{\"@type\":\"WebSite\",\"@id\":\"https:\\\/\\\/ymcaboston.org\\\/#website\",\"url\":\"https:\\\/\\\/ymcaboston.org\\\/\",\"name\":\"YMCA of Greater Boston\",\"description\":\"\",\"publisher\":{\"@id\":\"https:\\\/\\\/ymcaboston.org\\\/#organization\"},\"potentialAction\":[{\"@type\":\"SearchAction\",\"target\":{\"@type\":\"EntryPoint\",\"urlTemplate\":\"https:\\\/\\\/ymcaboston.org\\\/?s={search_term_string}\"},\"query-input\":{\"@type\":\"PropertyValueSpecification\",\"valueRequired\":true,\"valueName\":\"search_term_string\"}}],\"inLanguage\":\"es\"},{\"@type\":\"Organization\",\"@id\":\"https:\\\/\\\/ymcaboston.org\\\/#organization\",\"name\":\"YMCA of Greater Boston\",\"url\":\"https:\\\/\\\/ymcaboston.org\\\/\",\"logo\":{\"@type\":\"ImageObject\",\"inLanguage\":\"es\",\"@id\":\"https:\\\/\\\/ymcaboston.org\\\/#\\\/schema\\\/logo\\\/image\\\/\",\"url\":\"https:\\\/\\\/ymcaboston.org\\\/wp-content\\\/uploads\\\/2021\\\/05\\\/Y-logo-blue-green.jpg\",\"contentUrl\":\"https:\\\/\\\/ymcaboston.org\\\/wp-content\\\/uploads\\\/2021\\\/05\\\/Y-logo-blue-green.jpg\",\"width\":179,\"height\":137,\"caption\":\"YMCA of Greater Boston\"},\"image\":{\"@id\":\"https:\\\/\\\/ymcaboston.org\\\/#\\\/schema\\\/logo\\\/image\\\/\"},\"sameAs\":[\"https:\\\/\\\/www.facebook.com\\\/YMCABoston\\\/\",\"https:\\\/\\\/x.com\\\/YMCA_Boston\",\"https:\\\/\\\/www.instagram.com\\\/ymca_boston\"]}]}<\/script>\n<!-- \/ Yoast SEO plugin. -->","yoast_head_json":{"title":"Partnerships - YMCA of Greater Boston","robots":{"index":"index","follow":"follow","max-snippet":"max-snippet:-1","max-image-preview":"max-image-preview:large","max-video-preview":"max-video-preview:-1"},"canonical":"https:\/\/ymcaboston.org\/es\/community-and-food-access\/partnerships\/","og_locale":"es_ES","og_type":"article","og_title":"Partnerships - YMCA of Greater Boston","og_url":"https:\/\/ymcaboston.org\/es\/community-and-food-access\/partnerships\/","og_site_name":"YMCA of Greater Boston","article_publisher":"https:\/\/www.facebook.com\/YMCABoston\/","article_modified_time":"2026-03-31T22:40:22+00:00","twitter_card":"summary_large_image","twitter_site":"@YMCA_Boston","schema":{"@context":"https:\/\/schema.org","@graph":[{"@type":"WebPage","@id":"https:\/\/ymcaboston.org\/community-and-food-access\/partnerships\/","url":"https:\/\/ymcaboston.org\/community-and-food-access\/partnerships\/","name":"Partnerships - YMCA of Greater Boston","isPartOf":{"@id":"https:\/\/ymcaboston.org\/#website"},"datePublished":"2021-05-19T15:55:43+00:00","dateModified":"2026-03-31T22:40:22+00:00","breadcrumb":{"@id":"https:\/\/ymcaboston.org\/community-and-food-access\/partnerships\/#breadcrumb"},"inLanguage":"es","potentialAction":[{"@type":"ReadAction","target":["https:\/\/ymcaboston.org\/community-and-food-access\/partnerships\/"]}]},{"@type":"BreadcrumbList","@id":"https:\/\/ymcaboston.org\/community-and-food-access\/partnerships\/#breadcrumb","itemListElement":[{"@type":"ListItem","position":1,"name":"Home","item":"https:\/\/ymcaboston.org\/"},{"@type":"ListItem","position":2,"name":"Community and Food Access","item":"https:\/\/ymcaboston.org\/community-and-food-access\/"},{"@type":"ListItem","position":3,"name":"Partnerships"}]},{"@type":"WebSite","@id":"https:\/\/ymcaboston.org\/#website","url":"https:\/\/ymcaboston.org\/","name":"YMCA del Gran Boston","description":"","publisher":{"@id":"https:\/\/ymcaboston.org\/#organization"},"potentialAction":[{"@type":"SearchAction","target":{"@type":"EntryPoint","urlTemplate":"https:\/\/ymcaboston.org\/?s={search_term_string}"},"query-input":{"@type":"PropertyValueSpecification","valueRequired":true,"valueName":"search_term_string"}}],"inLanguage":"es"},{"@type":"Organization","@id":"https:\/\/ymcaboston.org\/#organization","name":"YMCA del Gran Boston","url":"https:\/\/ymcaboston.org\/","logo":{"@type":"ImageObject","inLanguage":"es","@id":"https:\/\/ymcaboston.org\/#\/schema\/logo\/image\/","url":"https:\/\/ymcaboston.org\/wp-content\/uploads\/2021\/05\/Y-logo-blue-green.jpg","contentUrl":"https:\/\/ymcaboston.org\/wp-content\/uploads\/2021\/05\/Y-logo-blue-green.jpg","width":179,"height":137,"caption":"YMCA of Greater Boston"},"image":{"@id":"https:\/\/ymcaboston.org\/#\/schema\/logo\/image\/"},"sameAs":["https:\/\/www.facebook.com\/YMCABoston\/","https:\/\/x.com\/YMCA_Boston","https:\/\/www.instagram.com\/ymca_boston"]}]}},"_links":{"self":[{"href":"https:\/\/ymcaboston.org\/es\/wp-json\/wp\/v2\/pages\/2842","targetHints":{"allow":["GET"]}}],"collection":[{"href":"https:\/\/ymcaboston.org\/es\/wp-json\/wp\/v2\/pages"}],"about":[{"href":"https:\/\/ymcaboston.org\/es\/wp-json\/wp\/v2\/types\/page"}],"author":[{"embeddable":true,"href":"https:\/\/ymcaboston.org\/es\/wp-json\/wp\/v2\/users\/5"}],"replies":[{"embeddable":true,"href":"https:\/\/ymcaboston.org\/es\/wp-json\/wp\/v2\/comments?post=2842"}],"version-history":[{"count":1,"href":"https:\/\/ymcaboston.org\/es\/wp-json\/wp\/v2\/pages\/2842\/revisions"}],"predecessor-version":[{"id":25814,"href":"https:\/\/ymcaboston.org\/es\/wp-json\/wp\/v2\/pages\/2842\/revisions\/25814"}],"up":[{"embeddable":true,"href":"https:\/\/ymcaboston.org\/es\/wp-json\/wp\/v2\/pages\/2328"}],"wp:attachment":[{"href":"https:\/\/ymcaboston.org\/es\/wp-json\/wp\/v2\/media?parent=2842"}],"curies":[{"name":"wp","href":"https:\/\/api.w.org\/{rel}","templated":true}]}}