{"id":2574,"date":"2021-03-17T15:22:24","date_gmt":"2021-03-17T15:22:24","guid":{"rendered":"https:\/\/ymcaboston.org\/\/?page_id=2574"},"modified":"2024-01-17T16:20:42","modified_gmt":"2024-01-17T21:20:42","slug":"camps","status":"publish","type":"page","link":"https:\/\/ymcaboston.org\/es\/youth-and-family\/camps\/","title":{"rendered":"Campamentos"},"content":{"rendered":"","protected":false},"excerpt":{"rendered":"","protected":false},"author":5,"featured_media":0,"parent":2313,"menu_order":0,"comment_status":"closed","ping_status":"closed","template":"","meta":{"_acf_changed":false,"footnotes":""},"class_list":["post-2574","page","type-page","status-publish","hentry"],"acf":{"content_builder":[{"acf_fc_layout":"full_width_content_over_image","background_image":"https:\/\/ymcaboston.org\/wp-content\/uploads\/2024\/01\/day-camps-web-banner-2024.jpg","mobile_background_image":"https:\/\/ymcaboston.org\/wp-content\/uploads\/2024\/01\/day-camps-web-2024-mobile-.jpg","title":"D\u00eda de campo","content":"<p>Y Day Camp mantiene a los ni\u00f1os comprometidos, seguros, saludables y aprendiendo. En la Y, nos enfocamos en su hijo como un todo, incluidos los deportes de primer nivel y la instrucci\u00f3n de nataci\u00f3n, la exploraci\u00f3n de la comunidad y el desarrollo de amistades de por vida.<\/p>","show_book_button":"No","book_button_title_override":"","call_to_action_or_learn_more":"Call to Action","call_to_action_text":"Learn More","call_to_action_link":"https:\/\/ymcaboston.org\/youth-and-family\/camps\/day-camps\/","open_link_in_new_tab":"No","drop_down_content":"","new_content":"No"},{"acf_fc_layout":"half_width_content_over_image","left_background_image":"https:\/\/ymcaboston.org\/wp-content\/uploads\/2021\/03\/Pleasant-Valley.jpg","left_mobile_background_image":"https:\/\/ymcaboston.org\/wp-content\/uploads\/2021\/03\/Pleasant-Valley-1.jpg","left_title":"PLEASANT VALLEY<br \/>GIRLS OVERNIGHT CAMP","left_content":"<p>Pleasant Valley YMCA Camp is an overnight camp for girls ages 8-16. We offer two-week sessions beginning in mid-June and ending in mid-August as well as a one-week family camp in late August. Located in Tuftonboro, New Hampshire on the beautiful shores of Lake Winnipesaukee.<\/p>\n","left_show_book_button":"No","left_book_button_title_override":"","left_call_to_action_or_learn_more":"Call to Action","left_call_to_action_text":"Learn More","left_call_to_action_link":"https:\/\/camps.ymcaboston.org\/pleasant-valley\/","left_drop_down_content":"","left_new_content":"No","right_background_image":"https:\/\/ymcaboston.org\/wp-content\/uploads\/2021\/03\/North-Woods.jpg","right_mobile_background_image":"https:\/\/ymcaboston.org\/wp-content\/uploads\/2021\/03\/North-Woods-1.jpg","right_title":"North Woods<br \/>Boys Overnight Camp","right_content":"<p>North Woods YMCA Camp is an overnight camp for boys ages 8-16. We offer two-week sessions beginning in mid-June and ending in mid-August as well as a one-week family camp in late August. Located in Tuftonboro, New Hampshire on the beautiful shores of Lake Winnipesaukee.<\/p>\n","right_show_book_button":"No","right_book_button_title_override":"","right_call_to_action_or_learn_more":"Call to Action","right_call_to_action_text":"Learn More","right_call_to_action_link":"https:\/\/camps.ymcaboston.org\/north-woods\/","right_drop_down_content":"","right_new_content":"No"},{"acf_fc_layout":"half_width_content_over_image","left_background_image":"https:\/\/ymcaboston.org\/wp-content\/uploads\/2021\/03\/SAndy-Island.jpg","left_mobile_background_image":"https:\/\/ymcaboston.org\/wp-content\/uploads\/2021\/03\/SAndy-Island-1.jpg","left_title":"Sandy Island<br \/>Family Camp","left_content":"<p>Sandy Island YMCA Camp is an overnight camp for families. We offer one-week sessions beginning at the end of June and ending the first day of September as well as a Labor Day Weekend session. We are located on Sandy Island on beautiful Lake Winnipesaukee.<\/p>\n","left_show_book_button":"No","left_book_button_title_override":"","left_call_to_action_or_learn_more":"Call to Action","left_call_to_action_text":"Learn More","left_call_to_action_link":"https:\/\/camps.ymcaboston.org\/sandy-island\/","left_drop_down_content":"","left_new_content":"No","right_background_image":"https:\/\/ymcaboston.org\/wp-content\/uploads\/2022\/04\/lake-camp-W-rentals.jpg","right_mobile_background_image":"https:\/\/ymcaboston.org\/wp-content\/uploads\/2022\/04\/lake-camp-W-rentals-mobile.jpg","right_title":"CAMP RENTALS<br\/> (Lake Winnipesaukee, New Hampshire)","right_content":"<p>Are you interested in renting our camps for a wedding, retreat, family reunion, birthday party or other private event? Look no further, we have you covered! We are proud to offer three different locations that are available for private rentals, Sandy Island Camp, North Woods &amp; Pleasant Valley camps, and the Todaro Leadership Center.<\/p>\n","right_show_book_button":"No","right_book_button_title_override":"","right_call_to_action_or_learn_more":"Call to Action","right_call_to_action_text":"Learn More","right_call_to_action_link":"https:\/\/camps.ymcaboston.org\/explore-our-camps\/","right_drop_down_content":"","right_new_content":"No"}]},"yoast_head":"<!-- This site is optimized with the Yoast SEO plugin v27.4 - https:\/\/yoast.com\/product\/yoast-seo-wordpress\/ -->\n<title>Camps - YMCA of Greater Boston<\/title>\n<meta name=\"robots\" content=\"index, follow, max-snippet:-1, max-image-preview:large, max-video-preview:-1\" \/>\n<link rel=\"canonical\" href=\"https:\/\/ymcaboston.org\/es\/youth-and-family\/camps\/\" \/>\n<meta property=\"og:locale\" content=\"es_ES\" \/>\n<meta property=\"og:type\" content=\"article\" \/>\n<meta property=\"og:title\" content=\"Camps - YMCA of Greater Boston\" \/>\n<meta property=\"og:url\" content=\"https:\/\/ymcaboston.org\/es\/youth-and-family\/camps\/\" \/>\n<meta property=\"og:site_name\" content=\"YMCA of Greater Boston\" \/>\n<meta property=\"article:publisher\" content=\"https:\/\/www.facebook.com\/YMCABoston\/\" \/>\n<meta property=\"article:modified_time\" content=\"2024-01-17T21:20:42+00:00\" \/>\n<meta name=\"twitter:card\" content=\"summary_large_image\" \/>\n<meta name=\"twitter:site\" content=\"@YMCA_Boston\" \/>\n<script type=\"application\/ld+json\" class=\"yoast-schema-graph\">{\"@context\":\"https:\\\/\\\/schema.org\",\"@graph\":[{\"@type\":\"WebPage\",\"@id\":\"https:\\\/\\\/ymcaboston.org\\\/youth-and-family\\\/camps\\\/\",\"url\":\"https:\\\/\\\/ymcaboston.org\\\/youth-and-family\\\/camps\\\/\",\"name\":\"Camps - YMCA of Greater Boston\",\"isPartOf\":{\"@id\":\"https:\\\/\\\/ymcaboston.org\\\/#website\"},\"datePublished\":\"2021-03-17T15:22:24+00:00\",\"dateModified\":\"2024-01-17T21:20:42+00:00\",\"breadcrumb\":{\"@id\":\"https:\\\/\\\/ymcaboston.org\\\/youth-and-family\\\/camps\\\/#breadcrumb\"},\"inLanguage\":\"es\",\"potentialAction\":[{\"@type\":\"ReadAction\",\"target\":[\"https:\\\/\\\/ymcaboston.org\\\/youth-and-family\\\/camps\\\/\"]}]},{\"@type\":\"BreadcrumbList\",\"@id\":\"https:\\\/\\\/ymcaboston.org\\\/youth-and-family\\\/camps\\\/#breadcrumb\",\"itemListElement\":[{\"@type\":\"ListItem\",\"position\":1,\"name\":\"Home\",\"item\":\"https:\\\/\\\/ymcaboston.org\\\/\"},{\"@type\":\"ListItem\",\"position\":2,\"name\":\"Youth and Family\",\"item\":\"https:\\\/\\\/ymcaboston.org\\\/youth-and-family\\\/\"},{\"@type\":\"ListItem\",\"position\":3,\"name\":\"Camps\"}]},{\"@type\":\"WebSite\",\"@id\":\"https:\\\/\\\/ymcaboston.org\\\/#website\",\"url\":\"https:\\\/\\\/ymcaboston.org\\\/\",\"name\":\"YMCA of Greater Boston\",\"description\":\"\",\"publisher\":{\"@id\":\"https:\\\/\\\/ymcaboston.org\\\/#organization\"},\"potentialAction\":[{\"@type\":\"SearchAction\",\"target\":{\"@type\":\"EntryPoint\",\"urlTemplate\":\"https:\\\/\\\/ymcaboston.org\\\/?s={search_term_string}\"},\"query-input\":{\"@type\":\"PropertyValueSpecification\",\"valueRequired\":true,\"valueName\":\"search_term_string\"}}],\"inLanguage\":\"es\"},{\"@type\":\"Organization\",\"@id\":\"https:\\\/\\\/ymcaboston.org\\\/#organization\",\"name\":\"YMCA of Greater Boston\",\"url\":\"https:\\\/\\\/ymcaboston.org\\\/\",\"logo\":{\"@type\":\"ImageObject\",\"inLanguage\":\"es\",\"@id\":\"https:\\\/\\\/ymcaboston.org\\\/#\\\/schema\\\/logo\\\/image\\\/\",\"url\":\"https:\\\/\\\/ymcaboston.org\\\/wp-content\\\/uploads\\\/2021\\\/05\\\/Y-logo-blue-green.jpg\",\"contentUrl\":\"https:\\\/\\\/ymcaboston.org\\\/wp-content\\\/uploads\\\/2021\\\/05\\\/Y-logo-blue-green.jpg\",\"width\":179,\"height\":137,\"caption\":\"YMCA of Greater Boston\"},\"image\":{\"@id\":\"https:\\\/\\\/ymcaboston.org\\\/#\\\/schema\\\/logo\\\/image\\\/\"},\"sameAs\":[\"https:\\\/\\\/www.facebook.com\\\/YMCABoston\\\/\",\"https:\\\/\\\/x.com\\\/YMCA_Boston\",\"https:\\\/\\\/www.instagram.com\\\/ymca_boston\"]}]}<\/script>\n<!-- \/ Yoast SEO plugin. -->","yoast_head_json":{"title":"Camps - YMCA of Greater Boston","robots":{"index":"index","follow":"follow","max-snippet":"max-snippet:-1","max-image-preview":"max-image-preview:large","max-video-preview":"max-video-preview:-1"},"canonical":"https:\/\/ymcaboston.org\/es\/youth-and-family\/camps\/","og_locale":"es_ES","og_type":"article","og_title":"Camps - YMCA of Greater Boston","og_url":"https:\/\/ymcaboston.org\/es\/youth-and-family\/camps\/","og_site_name":"YMCA of Greater Boston","article_publisher":"https:\/\/www.facebook.com\/YMCABoston\/","article_modified_time":"2024-01-17T21:20:42+00:00","twitter_card":"summary_large_image","twitter_site":"@YMCA_Boston","schema":{"@context":"https:\/\/schema.org","@graph":[{"@type":"WebPage","@id":"https:\/\/ymcaboston.org\/youth-and-family\/camps\/","url":"https:\/\/ymcaboston.org\/youth-and-family\/camps\/","name":"Camps - YMCA of Greater Boston","isPartOf":{"@id":"https:\/\/ymcaboston.org\/#website"},"datePublished":"2021-03-17T15:22:24+00:00","dateModified":"2024-01-17T21:20:42+00:00","breadcrumb":{"@id":"https:\/\/ymcaboston.org\/youth-and-family\/camps\/#breadcrumb"},"inLanguage":"es","potentialAction":[{"@type":"ReadAction","target":["https:\/\/ymcaboston.org\/youth-and-family\/camps\/"]}]},{"@type":"BreadcrumbList","@id":"https:\/\/ymcaboston.org\/youth-and-family\/camps\/#breadcrumb","itemListElement":[{"@type":"ListItem","position":1,"name":"Home","item":"https:\/\/ymcaboston.org\/"},{"@type":"ListItem","position":2,"name":"Youth and Family","item":"https:\/\/ymcaboston.org\/youth-and-family\/"},{"@type":"ListItem","position":3,"name":"Camps"}]},{"@type":"WebSite","@id":"https:\/\/ymcaboston.org\/#website","url":"https:\/\/ymcaboston.org\/","name":"YMCA del Gran Boston","description":"","publisher":{"@id":"https:\/\/ymcaboston.org\/#organization"},"potentialAction":[{"@type":"SearchAction","target":{"@type":"EntryPoint","urlTemplate":"https:\/\/ymcaboston.org\/?s={search_term_string}"},"query-input":{"@type":"PropertyValueSpecification","valueRequired":true,"valueName":"search_term_string"}}],"inLanguage":"es"},{"@type":"Organization","@id":"https:\/\/ymcaboston.org\/#organization","name":"YMCA del Gran Boston","url":"https:\/\/ymcaboston.org\/","logo":{"@type":"ImageObject","inLanguage":"es","@id":"https:\/\/ymcaboston.org\/#\/schema\/logo\/image\/","url":"https:\/\/ymcaboston.org\/wp-content\/uploads\/2021\/05\/Y-logo-blue-green.jpg","contentUrl":"https:\/\/ymcaboston.org\/wp-content\/uploads\/2021\/05\/Y-logo-blue-green.jpg","width":179,"height":137,"caption":"YMCA of Greater Boston"},"image":{"@id":"https:\/\/ymcaboston.org\/#\/schema\/logo\/image\/"},"sameAs":["https:\/\/www.facebook.com\/YMCABoston\/","https:\/\/x.com\/YMCA_Boston","https:\/\/www.instagram.com\/ymca_boston"]}]}},"_links":{"self":[{"href":"https:\/\/ymcaboston.org\/es\/wp-json\/wp\/v2\/pages\/2574","targetHints":{"allow":["GET"]}}],"collection":[{"href":"https:\/\/ymcaboston.org\/es\/wp-json\/wp\/v2\/pages"}],"about":[{"href":"https:\/\/ymcaboston.org\/es\/wp-json\/wp\/v2\/types\/page"}],"author":[{"embeddable":true,"href":"https:\/\/ymcaboston.org\/es\/wp-json\/wp\/v2\/users\/5"}],"replies":[{"embeddable":true,"href":"https:\/\/ymcaboston.org\/es\/wp-json\/wp\/v2\/comments?post=2574"}],"version-history":[{"count":0,"href":"https:\/\/ymcaboston.org\/es\/wp-json\/wp\/v2\/pages\/2574\/revisions"}],"up":[{"embeddable":true,"href":"https:\/\/ymcaboston.org\/es\/wp-json\/wp\/v2\/pages\/2313"}],"wp:attachment":[{"href":"https:\/\/ymcaboston.org\/es\/wp-json\/wp\/v2\/media?parent=2574"}],"curies":[{"name":"wp","href":"https:\/\/api.w.org\/{rel}","templated":true}]}}