{"id":13211,"date":"2024-04-17T11:15:41","date_gmt":"2024-04-17T15:15:41","guid":{"rendered":"https:\/\/ymcaboston.org\/?page_id=13211"},"modified":"2024-04-17T11:15:41","modified_gmt":"2024-04-17T15:15:41","slug":"project-bread-walk-for-hunger","status":"publish","type":"page","link":"https:\/\/ymcaboston.org\/es\/news-media\/project-bread-walk-for-hunger\/","title":{"rendered":"Project Bread Walk For Hunger"},"content":{"rendered":"","protected":false},"excerpt":{"rendered":"","protected":false},"author":5,"featured_media":0,"parent":3178,"menu_order":0,"comment_status":"closed","ping_status":"closed","template":"","meta":{"_acf_changed":false,"footnotes":""},"class_list":["post-13211","page","type-page","status-publish","hentry"],"acf":{"content_builder":[{"acf_fc_layout":"content","content":"<div class=\"row\">\n<div class=\"col-12 col-md-2 col-sm-6 col-xs-6\">\n<div class=\"wp-block-image\"><img loading=\"lazy\" decoding=\"async\" src=\"https:\/\/ymcaboston.org\/wp-content\/uploads\/2024\/04\/project-bread-logo.png\" alt=\"project bread logo\" width=\"146\" height=\"63\" class=\"alignnone size-full wp-image-13212\" srcset=\"https:\/\/ymcaboston.org\/wp-content\/uploads\/2024\/04\/project-bread-logo.png 146w, https:\/\/ymcaboston.org\/wp-content\/uploads\/2024\/04\/project-bread-logo-18x8.png 18w\" sizes=\"auto, (max-width: 146px) 100vw, 146px\" \/><\/div>\n<\/div>\n<div class=\"col-12 col-md-6 col-sm-0\"><\/div>\n<div class=\"col-12 col-md-4 col-sm-6  col-xs-6\"><strong>Contacto:<\/strong> Sarah Zhitnik, 781-999-0604<br \/> <a href=\"mailto:sarah@teakmedia.com\">sarah@teakmedia.com<\/a>\n<\/div>\n<\/div>\n<p>&nbsp;<\/p>\n<p style=\"text-align:center;\"><span style=\"font-size: 1.75em;\">YMCA of Greater Boston Steps Up for Project Bread\u2019s 56th Annual Walk for Hunger<\/span><br \/>\n<strong>Boston-Based Nonprofit to Raise Money for Local Food Security Programs<\/strong><\/p>\n<p>&nbsp;<br \/>\n<strong>BOSTON, MASS. \u2013<\/strong> On May 5, the YMCA of Greater Boston will be among over 3,500 participants to lace up for Project Bread\u2019s 56th annual Walk for Hunger. For the 2nd consecutive year, the Boston-based nonprofit will raise money to support statewide food security through the Commonwealth Program. The Commonwealth gives organizations addressing food insecurity 60% of all funds they raise to support their own hunger relief programs, with the remaining 40% applied to Project Bread\u2019s statewide food security effort. Last year, Project Bread awarded $462 to the YMCA of Greater Boston.<\/p>\n<p>Beginning in 1969, as the first pledge walk in the nation, Project Bread\u2019s Walk for Hunger brings together a diverse community dedicated to creating change. The one-day event is set for Sunday, May 5 at 9 a.m. on the Boston Common and will feature family-friendly activities, programming, and games. Project Bread works year-round across policy initiatives, programs, and hunger prevention measures to ensure food access for all children and families across the Commonwealth. <\/p>\n<p>\u201cWe have made incredible strides against hunger, from the passage of permanent free school meals in Massachusetts to increasing access to SNAP for immigrants facing food insecurity,\u201d says Erin McAleer, Project Bread\u2019s CEO. \u201cBut hunger is still a pervasive problem in our state, with 1 in 6 households and 1 in 5 households with children currently facing food insecurity. The work the YMCA of Greater Boston does reflects what the Walk is all about \u2013 continuing to step up each year to make sure our neighbors in need can access and afford food. The YMCA of Greater Boston Walk team understands how we need to work together for statewide food security because our community is what makes us stronger.\u201d<\/p>\n<p>The YMCA of Greater Boston is dedicated to improving the health of mind, body, and spirit of individuals and families in our communities and provides welcoming, belonging and opportunity for all. The nonprofit\u2019s Hunger Prevention Programs play a vital role in fighting food insecurity in each of the 13 communities it serves. Every day, the YMCA of Greater Boston partners with other community organizations, such as Project Bread through the Summer Eats program, to provide nutritious and culturally relevant meals for children and families. In addition to serving as a sponsor meal site for the Summer Food Service Program, the organization offers a Grocery Bag Distribution Program, Mobile Market Food Truck, and SNAP Education Program with a focus on SNAP-eligible, low-income households, and historically marginalized groups.<\/p>\n<p>\u201cSupporting Project Bread\u2019s mission is important to us because we are both working toward a common goal \u2013 to address not only hunger, but food access and food insecurity challenges that people face,\u201d says Eilisha Manandhar, the YMCA of Greater Boston\u2019s Senior Director of Hunger Prevention. \u201cParticipating in the Walk for Hunger not only raises awareness of hunger in our communities, but also highlights our interconnected work to eliminate hunger through direct service, policy, and prevention. It was inspiring to see so many people of all different ages come out for the event last year. We look forward to seeing them again along the route!\u201d <\/p>\n<p>Money raised through the Walk for Hunger is critical to Project Bread\u2019s statewide work for systemic change through the levers of policy, prevention, and partnerships to ensure people of all ages have reliable access to healthy food. Project Bread launched the joint-fundraising Commonwealth Program in 2019. In 2023, 34 nonprofits raised more than $160,000 to support their own programs for statewide food security.<\/p>\n<p>To register as a participant for Project Bread\u2019s Walk for Hunger, or to support a walker or team with a donation, visit <a href=\"https:\/\/www.projectbread.org\/walk-for-hunger\/\" target=\"_blank\">projectbread.org\/walk<\/a>. Donate directly to YMCA of Greater Boston\u2019s Commonwealth team at <a href=\"https:\/\/give.projectbread.org\/team\/570666\" target=\"_blank\">give.projectbread.org\/team\/570666<\/a>. There is no registration fee or fundraising minimum to participate, although a $250 minimum goal is suggested. Participants who raise $500 or more are recognized as Heart &#038; Sole walkers and receive access to personalized fundraising support, exclusive event gear and invitations to events.  <\/p>\n<p>People experiencing food insecurity should call Project Bread\u2019s FoodSource Hotline (1-800-645-8333), which provides confidential, free assistance getting connected to a variety of food resources in 180 languages and for the hearing impaired. Counselors can pre-screen families and help them to apply for SNAP. Learn more at <a href=\"https:\/\/projectbread.org\/get-help\" target=\"_blank\"> www.projectbread.org\/get-help<\/a>.<\/p>\n<p>&nbsp;<br \/>\n<strong>About Project Bread<\/strong><\/p>\n<p><i>Project Bread is the leading statewide food security organization in Massachusetts.  Beginning in 1969 with the first Walk for Hunger, the nonprofit focuses on driving systemic change to ensure people of all ages have reliable access to healthy food. Project Bread works collaboratively across sectors to create innovative solutions to end hunger and improve lives across the Commonwealth. For more information, visit: <a href=\"https:\/\/projectbread.org\" target=\"_blank\">www.projectbread.org<\/a>.<\/i><\/p>\n<p><strong>ACERCA DE LA YMCA DEL GRAN BOSTON<\/strong><\/p>\n<p><i>La YMCA de Greater Boston es una de las principales organizaciones sin fines de lucro de Massachusetts comprometida con el fortalecimiento de las comunidades mediante la mejora de la salud, el empoderamiento de los j\u00f3venes y la activaci\u00f3n de las personas para el bien. Todos los d\u00edas, la Y trabaja con miles de personas para garantizar que todos tengan acceso a los programas y servicios de la Y. Como la quinta organizaci\u00f3n ben\u00e9fica m\u00e1s grande del pa\u00eds, la Y est\u00e1 creando una comunidad de personas solidarias a trav\u00e9s de membres\u00edas significativas. Durante m\u00e1s de 170 a\u00f1os, la Y ha estado desarrollando habilidades y bienestar emocional a trav\u00e9s de la educaci\u00f3n y la capacitaci\u00f3n, dando la bienvenida y conectando a diversas poblaciones, previniendo enfermedades cr\u00f3nicas y construyendo comunidades m\u00e1s saludables. La YMCA de Greater Boston es la primera Y de Estados Unidos fundada en 1851. Para obtener m\u00e1s informaci\u00f3n, visite <a href=\"https:\/\/ymcaboston.org\/es\/\" target=\"_blank\" rel=\"noopener\">ymcaboston.org<\/a> o s\u00edguenos en <a href=\"https:\/\/twitter.com\/YMCA_Boston\" target=\"_blank\" rel=\"noopener\">Gorjeo<\/a>, <a href=\"https:\/\/www.facebook.com\/YMCABoston\" target=\"_blank\" rel=\"noopener\">Facebook<\/a>, y <a href=\"https:\/\/www.instagram.com\/ymca_boston\/\" target=\"_blank\" rel=\"noopener\">Instagram<\/a>.<\/i><\/p>","background_color":"","text_color":""}]},"yoast_head":"<!-- This site is optimized with the Yoast SEO plugin v27.5 - https:\/\/yoast.com\/product\/yoast-seo-wordpress\/ -->\n<title>Project Bread Walk For Hunger - YMCA of Greater Boston<\/title>\n<meta name=\"robots\" content=\"index, follow, max-snippet:-1, max-image-preview:large, max-video-preview:-1\" \/>\n<link rel=\"canonical\" href=\"https:\/\/ymcaboston.org\/es\/news-media\/project-bread-walk-for-hunger\/\" \/>\n<meta property=\"og:locale\" content=\"es_ES\" \/>\n<meta property=\"og:type\" content=\"article\" \/>\n<meta property=\"og:title\" content=\"Project Bread Walk For Hunger - YMCA of Greater Boston\" \/>\n<meta property=\"og:url\" content=\"https:\/\/ymcaboston.org\/es\/news-media\/project-bread-walk-for-hunger\/\" \/>\n<meta property=\"og:site_name\" content=\"YMCA of Greater Boston\" \/>\n<meta property=\"article:publisher\" content=\"https:\/\/www.facebook.com\/YMCABoston\/\" \/>\n<meta name=\"twitter:card\" content=\"summary_large_image\" \/>\n<meta name=\"twitter:site\" content=\"@YMCA_Boston\" \/>\n<script type=\"application\/ld+json\" class=\"yoast-schema-graph\">{\"@context\":\"https:\\\/\\\/schema.org\",\"@graph\":[{\"@type\":\"WebPage\",\"@id\":\"https:\\\/\\\/ymcaboston.org\\\/news-media\\\/project-bread-walk-for-hunger\\\/\",\"url\":\"https:\\\/\\\/ymcaboston.org\\\/news-media\\\/project-bread-walk-for-hunger\\\/\",\"name\":\"Project Bread Walk For Hunger - YMCA of Greater Boston\",\"isPartOf\":{\"@id\":\"https:\\\/\\\/ymcaboston.org\\\/#website\"},\"datePublished\":\"2024-04-17T15:15:41+00:00\",\"breadcrumb\":{\"@id\":\"https:\\\/\\\/ymcaboston.org\\\/news-media\\\/project-bread-walk-for-hunger\\\/#breadcrumb\"},\"inLanguage\":\"es\",\"potentialAction\":[{\"@type\":\"ReadAction\",\"target\":[\"https:\\\/\\\/ymcaboston.org\\\/news-media\\\/project-bread-walk-for-hunger\\\/\"]}]},{\"@type\":\"BreadcrumbList\",\"@id\":\"https:\\\/\\\/ymcaboston.org\\\/news-media\\\/project-bread-walk-for-hunger\\\/#breadcrumb\",\"itemListElement\":[{\"@type\":\"ListItem\",\"position\":1,\"name\":\"Home\",\"item\":\"https:\\\/\\\/ymcaboston.org\\\/\"},{\"@type\":\"ListItem\",\"position\":2,\"name\":\"News &#038; Media\",\"item\":\"https:\\\/\\\/ymcaboston.org\\\/news-media\\\/\"},{\"@type\":\"ListItem\",\"position\":3,\"name\":\"Project Bread Walk For Hunger\"}]},{\"@type\":\"WebSite\",\"@id\":\"https:\\\/\\\/ymcaboston.org\\\/#website\",\"url\":\"https:\\\/\\\/ymcaboston.org\\\/\",\"name\":\"YMCA of Greater Boston\",\"description\":\"\",\"publisher\":{\"@id\":\"https:\\\/\\\/ymcaboston.org\\\/#organization\"},\"potentialAction\":[{\"@type\":\"SearchAction\",\"target\":{\"@type\":\"EntryPoint\",\"urlTemplate\":\"https:\\\/\\\/ymcaboston.org\\\/?s={search_term_string}\"},\"query-input\":{\"@type\":\"PropertyValueSpecification\",\"valueRequired\":true,\"valueName\":\"search_term_string\"}}],\"inLanguage\":\"es\"},{\"@type\":\"Organization\",\"@id\":\"https:\\\/\\\/ymcaboston.org\\\/#organization\",\"name\":\"YMCA of Greater Boston\",\"url\":\"https:\\\/\\\/ymcaboston.org\\\/\",\"logo\":{\"@type\":\"ImageObject\",\"inLanguage\":\"es\",\"@id\":\"https:\\\/\\\/ymcaboston.org\\\/#\\\/schema\\\/logo\\\/image\\\/\",\"url\":\"https:\\\/\\\/ymcaboston.org\\\/wp-content\\\/uploads\\\/2021\\\/05\\\/Y-logo-blue-green.jpg\",\"contentUrl\":\"https:\\\/\\\/ymcaboston.org\\\/wp-content\\\/uploads\\\/2021\\\/05\\\/Y-logo-blue-green.jpg\",\"width\":179,\"height\":137,\"caption\":\"YMCA of Greater Boston\"},\"image\":{\"@id\":\"https:\\\/\\\/ymcaboston.org\\\/#\\\/schema\\\/logo\\\/image\\\/\"},\"sameAs\":[\"https:\\\/\\\/www.facebook.com\\\/YMCABoston\\\/\",\"https:\\\/\\\/x.com\\\/YMCA_Boston\",\"https:\\\/\\\/www.instagram.com\\\/ymca_boston\"]}]}<\/script>\n<!-- \/ Yoast SEO plugin. -->","yoast_head_json":{"title":"Project Bread Walk For Hunger - YMCA of Greater Boston","robots":{"index":"index","follow":"follow","max-snippet":"max-snippet:-1","max-image-preview":"max-image-preview:large","max-video-preview":"max-video-preview:-1"},"canonical":"https:\/\/ymcaboston.org\/es\/news-media\/project-bread-walk-for-hunger\/","og_locale":"es_ES","og_type":"article","og_title":"Project Bread Walk For Hunger - YMCA of Greater Boston","og_url":"https:\/\/ymcaboston.org\/es\/news-media\/project-bread-walk-for-hunger\/","og_site_name":"YMCA of Greater Boston","article_publisher":"https:\/\/www.facebook.com\/YMCABoston\/","twitter_card":"summary_large_image","twitter_site":"@YMCA_Boston","schema":{"@context":"https:\/\/schema.org","@graph":[{"@type":"WebPage","@id":"https:\/\/ymcaboston.org\/news-media\/project-bread-walk-for-hunger\/","url":"https:\/\/ymcaboston.org\/news-media\/project-bread-walk-for-hunger\/","name":"Project Bread Walk For Hunger - YMCA of Greater Boston","isPartOf":{"@id":"https:\/\/ymcaboston.org\/#website"},"datePublished":"2024-04-17T15:15:41+00:00","breadcrumb":{"@id":"https:\/\/ymcaboston.org\/news-media\/project-bread-walk-for-hunger\/#breadcrumb"},"inLanguage":"es","potentialAction":[{"@type":"ReadAction","target":["https:\/\/ymcaboston.org\/news-media\/project-bread-walk-for-hunger\/"]}]},{"@type":"BreadcrumbList","@id":"https:\/\/ymcaboston.org\/news-media\/project-bread-walk-for-hunger\/#breadcrumb","itemListElement":[{"@type":"ListItem","position":1,"name":"Home","item":"https:\/\/ymcaboston.org\/"},{"@type":"ListItem","position":2,"name":"News &#038; Media","item":"https:\/\/ymcaboston.org\/news-media\/"},{"@type":"ListItem","position":3,"name":"Project Bread Walk For Hunger"}]},{"@type":"WebSite","@id":"https:\/\/ymcaboston.org\/#website","url":"https:\/\/ymcaboston.org\/","name":"YMCA del Gran Boston","description":"","publisher":{"@id":"https:\/\/ymcaboston.org\/#organization"},"potentialAction":[{"@type":"SearchAction","target":{"@type":"EntryPoint","urlTemplate":"https:\/\/ymcaboston.org\/?s={search_term_string}"},"query-input":{"@type":"PropertyValueSpecification","valueRequired":true,"valueName":"search_term_string"}}],"inLanguage":"es"},{"@type":"Organization","@id":"https:\/\/ymcaboston.org\/#organization","name":"YMCA del Gran Boston","url":"https:\/\/ymcaboston.org\/","logo":{"@type":"ImageObject","inLanguage":"es","@id":"https:\/\/ymcaboston.org\/#\/schema\/logo\/image\/","url":"https:\/\/ymcaboston.org\/wp-content\/uploads\/2021\/05\/Y-logo-blue-green.jpg","contentUrl":"https:\/\/ymcaboston.org\/wp-content\/uploads\/2021\/05\/Y-logo-blue-green.jpg","width":179,"height":137,"caption":"YMCA of Greater Boston"},"image":{"@id":"https:\/\/ymcaboston.org\/#\/schema\/logo\/image\/"},"sameAs":["https:\/\/www.facebook.com\/YMCABoston\/","https:\/\/x.com\/YMCA_Boston","https:\/\/www.instagram.com\/ymca_boston"]}]}},"_links":{"self":[{"href":"https:\/\/ymcaboston.org\/es\/wp-json\/wp\/v2\/pages\/13211","targetHints":{"allow":["GET"]}}],"collection":[{"href":"https:\/\/ymcaboston.org\/es\/wp-json\/wp\/v2\/pages"}],"about":[{"href":"https:\/\/ymcaboston.org\/es\/wp-json\/wp\/v2\/types\/page"}],"author":[{"embeddable":true,"href":"https:\/\/ymcaboston.org\/es\/wp-json\/wp\/v2\/users\/5"}],"replies":[{"embeddable":true,"href":"https:\/\/ymcaboston.org\/es\/wp-json\/wp\/v2\/comments?post=13211"}],"version-history":[{"count":0,"href":"https:\/\/ymcaboston.org\/es\/wp-json\/wp\/v2\/pages\/13211\/revisions"}],"up":[{"embeddable":true,"href":"https:\/\/ymcaboston.org\/es\/wp-json\/wp\/v2\/pages\/3178"}],"wp:attachment":[{"href":"https:\/\/ymcaboston.org\/es\/wp-json\/wp\/v2\/media?parent=13211"}],"curies":[{"name":"wp","href":"https:\/\/api.w.org\/{rel}","templated":true}]}}