{"id":12485,"date":"2024-02-21T18:16:58","date_gmt":"2024-02-21T23:16:58","guid":{"rendered":"https:\/\/ymcaboston.org\/?page_id=12485"},"modified":"2026-05-01T15:11:47","modified_gmt":"2026-05-01T19:11:47","slug":"mobilemarket","status":"publish","type":"page","link":"https:\/\/ymcaboston.org\/es\/mobilemarket\/","title":{"rendered":"Mobile Market"},"content":{"rendered":"","protected":false},"excerpt":{"rendered":"","protected":false},"author":5,"featured_media":0,"parent":0,"menu_order":0,"comment_status":"closed","ping_status":"closed","template":"","meta":{"_acf_changed":false,"footnotes":""},"class_list":["post-12485","page","type-page","status-publish","hentry"],"acf":{"content_builder":[{"acf_fc_layout":"full_width_content_over_image","background_image":"https:\/\/ymcaboston.org\/wp-content\/uploads\/2024\/02\/MobileMarket_Hero.png","mobile_background_image":"https:\/\/ymcaboston.org\/wp-content\/uploads\/2024\/02\/MobileMarket_Mobile.png","title":"Mobile Market","content":"","show_book_button":"No","book_button_title_override":"","call_to_action_or_learn_more":"Neither","call_to_action_text":"","call_to_action_link":"","open_link_in_new_tab":"No","drop_down_content":"","new_content":"No"},{"acf_fc_layout":"content","content":"<div style=\"margin: -15px;\"><strong>Hunger Prevention Resources<\/strong><\/p>\n<p><a class=\"btn btn-orange text-white text-uppercase\" href=\"https:\/\/give.ymcaboston.org\/team\/557318\" target=\"_blank\" rel=\"noopener\">Donate to Hunger Prevention<\/a> <a class=\"btn btn-success text-white text-uppercase\" href=\"https:\/\/ymcaboston.volunteermatters.org\/project-catalog\/284\" target=\"_blank\" rel=\"noopener\">Volunteer For Our Mobile Market<\/a> <a class=\"btn btn-purple text-white text-uppercase\" href=\"https:\/\/ymcaboston.org\/es\/community-and-food-access\/food-access\/\">Ver nuestros otros programas de alimentaci\u00f3n<\/a><\/div>","background_color":"#ededed","text_color":""},{"acf_fc_layout":"content","content":"<p>El Mercado M\u00f3vil tiene DOS camiones que ofrecen <strong>gratis<\/strong> Productos frescos y art\u00edculos no perecederos en puntos de distribuci\u00f3n en toda el \u00e1rea del Gran Boston.<\/p>\n<p>Estamos abiertos al p\u00fablico: todos son bienvenidos a hacer sus compras y armar una bolsa de v\u00edveres sin costo alguno.<\/p>\n<p>Estaremos en cada lugar durante el tiempo indicado o hasta que se acabe la comida.<\/p>\n<p>Recomendamos llegar temprano para obtener la mejor selecci\u00f3n.<\/p>\n<p>No se requiere identificaci\u00f3n ni registro.<\/p>\n<p>Para preguntas, por favor env\u00ede un correo electr\u00f3nico a: <a href=\"mailto: astrack@ymcaboston.org\">astrack@ymcaboston.org<\/a>.<br \/>\n&nbsp;<br \/>\n<strong><span style=\"color: #01a490;\">Gu\u00eda del mercado m\u00f3vil<\/span><\/strong><\/p>\n<ul>\n<li>\u00a1Por favor, traiga su propia bolsa reutilizable!<\/li>\n<li>Dos compradores a la vez: por favor, mant\u00e9nganse en la fila y esperen su turno para comprar.<\/li>\n<li>Verifique los l\u00edmites por art\u00edculo: los letreros indicar\u00e1n la cantidad m\u00e1xima que puede llevar de cada art\u00edculo. Ejemplo: Manzanas (5) = lleve hasta 5 manzanas.<\/li>\n<li>Una visita por persona: cada persona puede realizar compras una vez por mercado.<\/li>\n<li>\u00a1Los art\u00edculos se venden por orden de llegada! Recomendamos llegar temprano para obtener la mejor selecci\u00f3n.<\/li>\n<li>Por favor, sea respetuoso: tenga consideraci\u00f3n hacia los dem\u00e1s y hacia nuestro personal para ayudar a que el mercado funcione con fluidez.<\/li>\n<\/ul>\n<p>&nbsp;<\/p>\n<p style=\"text-align: center;\"><strong>Consulte nuestro cronograma a continuaci\u00f3n para obtener una lista de d\u00f3nde estar\u00e1 disponible nuestro cami\u00f3n de comida.<\/strong><\/p>\n<p style=\"text-align: center;\">Los mercados pueden cancelarse debido a las inclemencias del tiempo; las cancelaciones se publicar\u00e1n en el calendario a continuaci\u00f3n.<\/p>\n<p style=\"text-align: center;\">Haga clic en el bot\u00f3n a continuaci\u00f3n para obtener un horario imprimible:<\/p>\n<p style=\"text-align: center;\"><a class=\"btn btn-teal text-white text-uppercase\" href=\"https:\/\/ymcaboston.org\/wp-content\/uploads\/2026\/05\/FINAL-Mobile-Market-Schedule-May-2026.pdf\" target=\"_blank\" rel=\"noopener\">May Mobile Market Schedule (Translated)<\/a><\/p>\n<p><script src=\"https:\/\/elfsightcdn.com\/platform.js\" async><\/script><\/p>\n<div class=\"elfsight-app-e15cd9ca-b226-4ccc-b15b-a74f22f7a37c\" data-elfsight-app-lazy=\"\"><\/div>\n<p><!-- Elfsight Banner | Snap-ed recipe of the month May --><br \/>\n<script src=\"https:\/\/elfsightcdn.com\/platform.js\" async><\/script><\/p>\n<div class=\"elfsight-app-bc0b5cec-8988-4c27-a679-dc0cee79e6dc\" data-elfsight-app-lazy><\/div>","background_color":"","text_color":""},{"acf_fc_layout":"column_content","background_color":"","text_color":"","number_of_columns":"3","column_1_content":"<p>In Partnership With:<\/p>\n<div class=\"wp-block-image\"><a href=\"https:\/\/www.boston.gov\/departments\/food-justice\"><img decoding=\"async\" class=\"alignnone wp-image-12732\" src=\"https:\/\/ymcaboston.org\/wp-content\/uploads\/2024\/03\/food_justice_city_of_boston.png\" alt=\"city of boston food justice logo\" width=\"75%\" srcset=\"https:\/\/ymcaboston.org\/wp-content\/uploads\/2024\/03\/food_justice_city_of_boston.png 1721w, https:\/\/ymcaboston.org\/wp-content\/uploads\/2024\/03\/food_justice_city_of_boston-300x107.png 300w, https:\/\/ymcaboston.org\/wp-content\/uploads\/2024\/03\/food_justice_city_of_boston-1024x365.png 1024w, https:\/\/ymcaboston.org\/wp-content\/uploads\/2024\/03\/food_justice_city_of_boston-768x274.png 768w, https:\/\/ymcaboston.org\/wp-content\/uploads\/2024\/03\/food_justice_city_of_boston-1536x547.png 1536w, https:\/\/ymcaboston.org\/wp-content\/uploads\/2024\/03\/food_justice_city_of_boston-18x6.png 18w\" sizes=\"(max-width: 1721px) 100vw, 1721px\" \/><\/a><\/div>\n","column_2_content":"<p>&nbsp;<\/p>\n<div class=\"wp-block-image\"><a href=\"https:\/\/cargoventures.com\/\"><img decoding=\"async\" class=\"alignnone wp-image-13072\" src=\"https:\/\/ymcaboston.org\/wp-content\/uploads\/2024\/04\/Cargo-Ventures-logo.png\" alt=\"Cargo Ventures Logo\" width=\"75%\" srcset=\"https:\/\/ymcaboston.org\/wp-content\/uploads\/2024\/04\/Cargo-Ventures-logo.png 650w, https:\/\/ymcaboston.org\/wp-content\/uploads\/2024\/04\/Cargo-Ventures-logo-300x102.png 300w, https:\/\/ymcaboston.org\/wp-content\/uploads\/2024\/04\/Cargo-Ventures-logo-18x6.png 18w\" sizes=\"(max-width: 650px) 100vw, 650px\" \/><\/a><\/div>\n","column_3_content":"<p>&nbsp;<\/p>\n<div class=\"wp-block-image\"><a href=\"https:\/\/snaped.fns.usda.gov\/state-snap-ed-programs\/massachusetts\"><img decoding=\"async\" class=\"alignnone wp-image-13075\" src=\"https:\/\/ymcaboston.org\/wp-content\/uploads\/2024\/04\/UMASS_Logo_DTA_SNAPEd_2019-1.png\" alt=\"SNAP Nutrition Education logo\" width=\"75%\" srcset=\"https:\/\/ymcaboston.org\/wp-content\/uploads\/2024\/04\/UMASS_Logo_DTA_SNAPEd_2019-1.png 1410w, https:\/\/ymcaboston.org\/wp-content\/uploads\/2024\/04\/UMASS_Logo_DTA_SNAPEd_2019-1-300x89.png 300w, https:\/\/ymcaboston.org\/wp-content\/uploads\/2024\/04\/UMASS_Logo_DTA_SNAPEd_2019-1-1024x303.png 1024w, https:\/\/ymcaboston.org\/wp-content\/uploads\/2024\/04\/UMASS_Logo_DTA_SNAPEd_2019-1-768x227.png 768w, https:\/\/ymcaboston.org\/wp-content\/uploads\/2024\/04\/UMASS_Logo_DTA_SNAPEd_2019-1-18x5.png 18w\" sizes=\"(max-width: 1410px) 100vw, 1410px\" \/><\/a><\/div>\n","column_4_content":"","display_in_container":"Yes"},{"acf_fc_layout":"column_content","background_color":"","text_color":"","number_of_columns":"4","column_1_content":"","column_2_content":"<div class=\"wp-block-image\"><a href=\"https:\/\/www.gbfb.org\/\"><img decoding=\"async\" class=\"alignnone wp-image-13073\" src=\"https:\/\/ymcaboston.org\/wp-content\/uploads\/2024\/04\/gbfb-logo.png\" alt=\"Greater Boston Food Bank Logo\" width=\"75%\" srcset=\"https:\/\/ymcaboston.org\/wp-content\/uploads\/2024\/04\/gbfb-logo.png 400w, https:\/\/ymcaboston.org\/wp-content\/uploads\/2024\/04\/gbfb-logo-300x142.png 300w, https:\/\/ymcaboston.org\/wp-content\/uploads\/2024\/04\/gbfb-logo-18x9.png 18w\" sizes=\"(max-width: 400px) 100vw, 400px\" \/><\/a><\/div>\n","column_3_content":"<div class=\"wp-block-image\"><a href=\"https:\/\/www.nokidhungry.org\/\"><img decoding=\"async\" class=\"alignnone wp-image-13074\" src=\"https:\/\/ymcaboston.org\/wp-content\/uploads\/2024\/04\/no-kid-hungry-vector-logo.png\" alt=\"No Kid Hungry Logo\" width=\"75%\" srcset=\"https:\/\/ymcaboston.org\/wp-content\/uploads\/2024\/04\/no-kid-hungry-vector-logo.png 900w, https:\/\/ymcaboston.org\/wp-content\/uploads\/2024\/04\/no-kid-hungry-vector-logo-300x167.png 300w, https:\/\/ymcaboston.org\/wp-content\/uploads\/2024\/04\/no-kid-hungry-vector-logo-768x427.png 768w, https:\/\/ymcaboston.org\/wp-content\/uploads\/2024\/04\/no-kid-hungry-vector-logo-18x10.png 18w\" sizes=\"(max-width: 900px) 100vw, 900px\" \/><\/a><\/div>\n","column_4_content":"","display_in_container":"Yes"},{"acf_fc_layout":"content","content":"<p><!-- Elfsight File Embed | Mobile Market Newsletter Archive --><br \/>\n<script src=\"https:\/\/static.elfsight.com\/platform\/platform.js\" async><\/script><\/p>\n<div class=\"elfsight-app-b94a37ce-f2e9-4bb8-be15-bdcdb2f8cc05\" data-elfsight-app-lazy><\/div>\n<p><!-- Elfsight File Embed | Mobile Market Archive --><br \/>\n<script src=\"https:\/\/static.elfsight.com\/platform\/platform.js\" async><\/script><\/p>\n<div class=\"elfsight-app-6e8ec581-c14d-4c94-968f-d98eff5d02a3\" data-elfsight-app-lazy><\/div>","background_color":"","text_color":""},{"acf_fc_layout":"content","content":"<div id=\"nondiscrimination\">\n<h2>Declaraci\u00f3n de no discriminaci\u00f3n<\/h2>\n<p>In accordance with federal civil rights law and U.S. Department of Agriculture (USDA) civil rights regulations and policies, this institution is prohibited from discriminating on the basis of race, color, national origin, sex (including gender identity and sexual orientation), religious creed, disability, age, political beliefs, or reprisal or retaliation for prior civil rights activity.<\/p>\n<p>Program information may be made available in languages other than English. Persons with disabilities who require alternative means of communication to obtain program information (e.g., Braille, large print, audiotape, American Sign Language), should contact the agency (state or local) where they applied for benefits. Individuals who are deaf, hard of hearing or have speech disabilities may contact USDA through the Federal Relay Service at (800) 877-8339.<\/p>\n<p>Para presentar una queja por discriminaci\u00f3n en el programa, el Demandante debe completar el Formulario AD-3027, Formulario de queja por discriminaci\u00f3n en el programa del USDA, que se puede obtener en l\u00ednea en: <a href=\"https:\/\/www.usda.gov\/sites\/default\/files\/documents\/ad-3027.pdf\" target=\"_blank\" rel=\"noopener\">https:\/\/www.usda.gov\/sites\/default\/files\/documents\/ad-3027.pdf<\/a>, from any USDA office, by calling (833) 620-1071, or by writing a letter addressed to USDA. The letter must contain the complainant\u2019s name, address, telephone number, and a written description of the alleged discriminatory action in sufficient detail to inform the Assistant Secretary for Civil Rights (ASCR) about the nature and date of an alleged civil rights violation. Link to discrimination complaint instructions: <a href=\"https:\/\/www.usda.gov\/oascr\/how-to-file-a-program-discrimination-complaint\" target=\"_blank\" rel=\"noopener\">https:\/\/www.usda.gov\/oascr\/how-to-file-a-program-discrimination-complaint<\/a>. The completed AD-3027 form or letter must be submitted to:<\/p>\n<p><strong>mail:<\/strong> Food and Nutrition Service, USDA 1320 Braddock Place, Room 334 Alexandria, VA 22314; or<\/p>\n<p><strong>fax:<\/strong> (833) 256-1665 or (202) 690-7442; or<\/p>\n<p><strong>email:<\/strong> FNSCIVILRIGHTSCOMPLAINTS@usda.gov<\/p>\n<p>Esta instituci\u00f3n es un proveedor de igualdad de oportunidades.<\/p>\n<\/div>","background_color":"#ededed","text_color":""}]},"yoast_head":"<!-- This site is optimized with the Yoast SEO plugin v27.4 - https:\/\/yoast.com\/product\/yoast-seo-wordpress\/ -->\n<title>Mobile Market - YMCA of Greater Boston<\/title>\n<meta name=\"robots\" content=\"index, follow, max-snippet:-1, max-image-preview:large, max-video-preview:-1\" \/>\n<link rel=\"canonical\" href=\"https:\/\/ymcaboston.org\/es\/mobilemarket\/\" \/>\n<meta property=\"og:locale\" content=\"es_ES\" \/>\n<meta property=\"og:type\" content=\"article\" \/>\n<meta property=\"og:title\" content=\"Mobile Market - YMCA of Greater Boston\" \/>\n<meta property=\"og:url\" content=\"https:\/\/ymcaboston.org\/es\/mobilemarket\/\" \/>\n<meta property=\"og:site_name\" content=\"YMCA of Greater Boston\" \/>\n<meta property=\"article:publisher\" content=\"https:\/\/www.facebook.com\/YMCABoston\/\" \/>\n<meta property=\"article:modified_time\" content=\"2026-05-01T19:11:47+00:00\" \/>\n<meta name=\"twitter:card\" content=\"summary_large_image\" \/>\n<meta name=\"twitter:site\" content=\"@YMCA_Boston\" \/>\n<script type=\"application\/ld+json\" class=\"yoast-schema-graph\">{\"@context\":\"https:\\\/\\\/schema.org\",\"@graph\":[{\"@type\":\"WebPage\",\"@id\":\"https:\\\/\\\/ymcaboston.org\\\/mobilemarket\\\/\",\"url\":\"https:\\\/\\\/ymcaboston.org\\\/mobilemarket\\\/\",\"name\":\"Mobile Market - YMCA of Greater Boston\",\"isPartOf\":{\"@id\":\"https:\\\/\\\/ymcaboston.org\\\/#website\"},\"datePublished\":\"2024-02-21T23:16:58+00:00\",\"dateModified\":\"2026-05-01T19:11:47+00:00\",\"breadcrumb\":{\"@id\":\"https:\\\/\\\/ymcaboston.org\\\/mobilemarket\\\/#breadcrumb\"},\"inLanguage\":\"es\",\"potentialAction\":[{\"@type\":\"ReadAction\",\"target\":[\"https:\\\/\\\/ymcaboston.org\\\/mobilemarket\\\/\"]}]},{\"@type\":\"BreadcrumbList\",\"@id\":\"https:\\\/\\\/ymcaboston.org\\\/mobilemarket\\\/#breadcrumb\",\"itemListElement\":[{\"@type\":\"ListItem\",\"position\":1,\"name\":\"Home\",\"item\":\"https:\\\/\\\/ymcaboston.org\\\/\"},{\"@type\":\"ListItem\",\"position\":2,\"name\":\"Mobile Market\"}]},{\"@type\":\"WebSite\",\"@id\":\"https:\\\/\\\/ymcaboston.org\\\/#website\",\"url\":\"https:\\\/\\\/ymcaboston.org\\\/\",\"name\":\"YMCA of Greater Boston\",\"description\":\"\",\"publisher\":{\"@id\":\"https:\\\/\\\/ymcaboston.org\\\/#organization\"},\"potentialAction\":[{\"@type\":\"SearchAction\",\"target\":{\"@type\":\"EntryPoint\",\"urlTemplate\":\"https:\\\/\\\/ymcaboston.org\\\/?s={search_term_string}\"},\"query-input\":{\"@type\":\"PropertyValueSpecification\",\"valueRequired\":true,\"valueName\":\"search_term_string\"}}],\"inLanguage\":\"es\"},{\"@type\":\"Organization\",\"@id\":\"https:\\\/\\\/ymcaboston.org\\\/#organization\",\"name\":\"YMCA of Greater Boston\",\"url\":\"https:\\\/\\\/ymcaboston.org\\\/\",\"logo\":{\"@type\":\"ImageObject\",\"inLanguage\":\"es\",\"@id\":\"https:\\\/\\\/ymcaboston.org\\\/#\\\/schema\\\/logo\\\/image\\\/\",\"url\":\"https:\\\/\\\/ymcaboston.org\\\/wp-content\\\/uploads\\\/2021\\\/05\\\/Y-logo-blue-green.jpg\",\"contentUrl\":\"https:\\\/\\\/ymcaboston.org\\\/wp-content\\\/uploads\\\/2021\\\/05\\\/Y-logo-blue-green.jpg\",\"width\":179,\"height\":137,\"caption\":\"YMCA of Greater Boston\"},\"image\":{\"@id\":\"https:\\\/\\\/ymcaboston.org\\\/#\\\/schema\\\/logo\\\/image\\\/\"},\"sameAs\":[\"https:\\\/\\\/www.facebook.com\\\/YMCABoston\\\/\",\"https:\\\/\\\/x.com\\\/YMCA_Boston\",\"https:\\\/\\\/www.instagram.com\\\/ymca_boston\"]}]}<\/script>\n<!-- \/ Yoast SEO plugin. -->","yoast_head_json":{"title":"Mobile Market - YMCA of Greater Boston","robots":{"index":"index","follow":"follow","max-snippet":"max-snippet:-1","max-image-preview":"max-image-preview:large","max-video-preview":"max-video-preview:-1"},"canonical":"https:\/\/ymcaboston.org\/es\/mobilemarket\/","og_locale":"es_ES","og_type":"article","og_title":"Mobile Market - YMCA of Greater Boston","og_url":"https:\/\/ymcaboston.org\/es\/mobilemarket\/","og_site_name":"YMCA of Greater Boston","article_publisher":"https:\/\/www.facebook.com\/YMCABoston\/","article_modified_time":"2026-05-01T19:11:47+00:00","twitter_card":"summary_large_image","twitter_site":"@YMCA_Boston","schema":{"@context":"https:\/\/schema.org","@graph":[{"@type":"WebPage","@id":"https:\/\/ymcaboston.org\/mobilemarket\/","url":"https:\/\/ymcaboston.org\/mobilemarket\/","name":"Mobile Market - YMCA of Greater Boston","isPartOf":{"@id":"https:\/\/ymcaboston.org\/#website"},"datePublished":"2024-02-21T23:16:58+00:00","dateModified":"2026-05-01T19:11:47+00:00","breadcrumb":{"@id":"https:\/\/ymcaboston.org\/mobilemarket\/#breadcrumb"},"inLanguage":"es","potentialAction":[{"@type":"ReadAction","target":["https:\/\/ymcaboston.org\/mobilemarket\/"]}]},{"@type":"BreadcrumbList","@id":"https:\/\/ymcaboston.org\/mobilemarket\/#breadcrumb","itemListElement":[{"@type":"ListItem","position":1,"name":"Home","item":"https:\/\/ymcaboston.org\/"},{"@type":"ListItem","position":2,"name":"Mobile Market"}]},{"@type":"WebSite","@id":"https:\/\/ymcaboston.org\/#website","url":"https:\/\/ymcaboston.org\/","name":"YMCA del Gran Boston","description":"","publisher":{"@id":"https:\/\/ymcaboston.org\/#organization"},"potentialAction":[{"@type":"SearchAction","target":{"@type":"EntryPoint","urlTemplate":"https:\/\/ymcaboston.org\/?s={search_term_string}"},"query-input":{"@type":"PropertyValueSpecification","valueRequired":true,"valueName":"search_term_string"}}],"inLanguage":"es"},{"@type":"Organization","@id":"https:\/\/ymcaboston.org\/#organization","name":"YMCA del Gran Boston","url":"https:\/\/ymcaboston.org\/","logo":{"@type":"ImageObject","inLanguage":"es","@id":"https:\/\/ymcaboston.org\/#\/schema\/logo\/image\/","url":"https:\/\/ymcaboston.org\/wp-content\/uploads\/2021\/05\/Y-logo-blue-green.jpg","contentUrl":"https:\/\/ymcaboston.org\/wp-content\/uploads\/2021\/05\/Y-logo-blue-green.jpg","width":179,"height":137,"caption":"YMCA of Greater Boston"},"image":{"@id":"https:\/\/ymcaboston.org\/#\/schema\/logo\/image\/"},"sameAs":["https:\/\/www.facebook.com\/YMCABoston\/","https:\/\/x.com\/YMCA_Boston","https:\/\/www.instagram.com\/ymca_boston"]}]}},"_links":{"self":[{"href":"https:\/\/ymcaboston.org\/es\/wp-json\/wp\/v2\/pages\/12485","targetHints":{"allow":["GET"]}}],"collection":[{"href":"https:\/\/ymcaboston.org\/es\/wp-json\/wp\/v2\/pages"}],"about":[{"href":"https:\/\/ymcaboston.org\/es\/wp-json\/wp\/v2\/types\/page"}],"author":[{"embeddable":true,"href":"https:\/\/ymcaboston.org\/es\/wp-json\/wp\/v2\/users\/5"}],"replies":[{"embeddable":true,"href":"https:\/\/ymcaboston.org\/es\/wp-json\/wp\/v2\/comments?post=12485"}],"version-history":[{"count":5,"href":"https:\/\/ymcaboston.org\/es\/wp-json\/wp\/v2\/pages\/12485\/revisions"}],"predecessor-version":[{"id":26213,"href":"https:\/\/ymcaboston.org\/es\/wp-json\/wp\/v2\/pages\/12485\/revisions\/26213"}],"wp:attachment":[{"href":"https:\/\/ymcaboston.org\/es\/wp-json\/wp\/v2\/media?parent=12485"}],"curies":[{"name":"wp","href":"https:\/\/api.w.org\/{rel}","templated":true}]}}